{"id":116091,"date":"2024-12-07T15:21:16","date_gmt":"2024-12-07T14:21:16","guid":{"rendered":"https:\/\/secureus.se\/?post_type=product&#038;p=116091"},"modified":"2026-01-12T12:36:41","modified_gmt":"2026-01-12T11:36:41","slug":"sherpa-desk-clamp-10","status":"publish","type":"product","link":"https:\/\/secureus.se\/fi\/sherpa-desk-clamp-10\/","title":{"rendered":"SHERPA\u00ae P\u00d6YT\u00c4KIRISTIN 10"},"content":{"rendered":"<p>Jalusta p\u00f6yt\u00e4kiinnikkeell\u00e4 kiinnitett\u00e4v\u00e4ksi p\u00f6yd\u00e4n reunaan (rako max 50 mm). Mukana 10 heijastamatonta, skannattavaa polypropeenimuovitaskua (musta) A4-kokoisille asiakirjoille. S\u00e4\u00e4dett\u00e4v\u00e4 korkeus 78 cm asti. Voidaan k\u00e4\u00e4nt\u00e4\u00e4 yl\u00f6s- tai alasp\u00e4in lukukulman s\u00e4\u00e4t\u00e4miseksi 5\u00b0 - 90\u00b0. 5 vuoden takuu. Takuuehdot l\u00f6ytyv\u00e4t t\u00e4\u00e4lt\u00e4: https:\/\/www.durable.se\/sv_SE\/service\/garanti\/garanti-foer-sherpa-vario\/<\/p>","protected":false},"excerpt":{"rendered":"<p>T\u00e4ydellinen sarja jalustalla p\u00f6yt\u00e4telineell\u00e4 ja 10 paneelilla<\/p>","protected":false},"featured_media":135393,"template":"","meta":{"_acf_changed":false},"product_brand":[],"product_cat":[4298],"product_tag":[4381],"class_list":{"0":"post-116091","1":"product","2":"type-product","3":"status-publish","4":"has-post-thumbnail","6":"product_cat-bladderstall-bord","7":"product_tag-svart","8":"product_shipping_class-tunga-paket","9":"pa_brands-durable","10":"pa_farg-svart","11":"tm-no-options","13":"first","14":"instock","15":"sale","16":"taxable","17":"shipping-taxable","18":"purchasable","19":"product-type-simple"},"acf":[],"_links":{"self":[{"href":"https:\/\/secureus.se\/fi\/wp-json\/wp\/v2\/product\/116091","targetHints":{"allow":["GET"]}}],"collection":[{"href":"https:\/\/secureus.se\/fi\/wp-json\/wp\/v2\/product"}],"about":[{"href":"https:\/\/secureus.se\/fi\/wp-json\/wp\/v2\/types\/product"}],"wp:featuredmedia":[{"embeddable":true,"href":"https:\/\/secureus.se\/fi\/wp-json\/wp\/v2\/media\/135393"}],"wp:attachment":[{"href":"https:\/\/secureus.se\/fi\/wp-json\/wp\/v2\/media?parent=116091"}],"wp:term":[{"taxonomy":"product_brand","embeddable":true,"href":"https:\/\/secureus.se\/fi\/wp-json\/wp\/v2\/product_brand?post=116091"},{"taxonomy":"product_cat","embeddable":true,"href":"https:\/\/secureus.se\/fi\/wp-json\/wp\/v2\/product_cat?post=116091"},{"taxonomy":"product_tag","embeddable":true,"href":"https:\/\/secureus.se\/fi\/wp-json\/wp\/v2\/product_tag?post=116091"}],"curies":[{"name":"wp","href":"https:\/\/api.w.org\/{rel}","templated":true}]}}