{"id":116101,"date":"2024-11-20T14:15:57","date_gmt":"2024-11-20T13:15:57","guid":{"rendered":"https:\/\/secureus.se\/?post_type=product&#038;p=116101"},"modified":"2026-01-12T12:05:50","modified_gmt":"2026-01-12T11:05:50","slug":"plastficka-a4s-med-tradbygel-2","status":"publish","type":"product","link":"https:\/\/secureus.se\/fi\/plastficka-a4s-med-tradbygel-2\/","title":{"rendered":"Muovinen A4S-tasku lankapidikkeell\u00e4"},"content":{"rendered":"<p>Selke\u00e4t ja yleiskatsaavat konttien, lavakaulusten, lavalaatikoiden ja verkkoseinien merkinn\u00e4t parantavat ja virtaviivaistavat ty\u00f6prosessia varastoissa ja tuotantotiloissa. Kest\u00e4v\u00e4st\u00e4 polypropeenista valmistetut muovitaskut voidaan lukea skannerilla. Suojus tarkoittaa, ett\u00e4 inlay on suojattu lialta ja kosteudelta my\u00f6s ulkona. Kiinnitet\u00e4\u00e4n galvanoidulla joustavalla lankapidikkeell\u00e4. Ilmainen malli etikettiin on saatavilla osoitteessa www.duraprint.se.<br \/>\nSis\u00e4mitat: A4S (210\u00d7297 mm L x K)<br \/>\nUlkomitat: 223 x 368 mm (L x K)<br \/>\nUlkomitat ter\u00e4slangalla: 329\u00d7376 mm (L x K)<br \/>\nTarvikkeet: Tarrat A4-arkeille, art. nro 485602<\/p>","protected":false},"excerpt":{"rendered":"<p>Muovinen tasku lankaripustimella k\u00e4ytett\u00e4v\u00e4ksi esim. verkoissa, lavakauluksissa, lavalaatikoissa. Suojakuori aukon p\u00e4\u00e4ll\u00e4.<\/p>","protected":false},"featured_media":133639,"template":"","meta":{"_acf_changed":false},"product_brand":[],"product_cat":[4306],"product_tag":[4387],"class_list":{"0":"post-116101","1":"product","2":"type-product","3":"status-publish","4":"has-post-thumbnail","6":"product_cat-markning-pallstall","7":"product_tag-bla","8":"product_shipping_class-tunga-paket","9":"pa_brands-durable","10":"pa_farg-bla","11":"tm-no-options","13":"first","14":"instock","15":"sale","16":"taxable","17":"shipping-taxable","18":"purchasable","19":"product-type-simple"},"acf":[],"_links":{"self":[{"href":"https:\/\/secureus.se\/fi\/wp-json\/wp\/v2\/product\/116101","targetHints":{"allow":["GET"]}}],"collection":[{"href":"https:\/\/secureus.se\/fi\/wp-json\/wp\/v2\/product"}],"about":[{"href":"https:\/\/secureus.se\/fi\/wp-json\/wp\/v2\/types\/product"}],"wp:featuredmedia":[{"embeddable":true,"href":"https:\/\/secureus.se\/fi\/wp-json\/wp\/v2\/media\/133639"}],"wp:attachment":[{"href":"https:\/\/secureus.se\/fi\/wp-json\/wp\/v2\/media?parent=116101"}],"wp:term":[{"taxonomy":"product_brand","embeddable":true,"href":"https:\/\/secureus.se\/fi\/wp-json\/wp\/v2\/product_brand?post=116101"},{"taxonomy":"product_cat","embeddable":true,"href":"https:\/\/secureus.se\/fi\/wp-json\/wp\/v2\/product_cat?post=116101"},{"taxonomy":"product_tag","embeddable":true,"href":"https:\/\/secureus.se\/fi\/wp-json\/wp\/v2\/product_tag?post=116101"}],"curies":[{"name":"wp","href":"https:\/\/api.w.org\/{rel}","templated":true}]}}