{"id":116103,"date":"2024-11-05T17:17:44","date_gmt":"2024-11-05T16:17:44","guid":{"rendered":"https:\/\/secureus.se\/?post_type=product&#038;p=116103"},"modified":"2026-01-12T12:13:05","modified_gmt":"2026-01-12T11:13:05","slug":"skrivplatta-med-omslag-a4-4","status":"publish","type":"product","link":"https:\/\/secureus.se\/fi\/skrivplatta-med-omslag-a4-4\/","title":{"rendered":"Kirjoituslehti\u00f6 kansilla A4"},"content":{"rendered":"<p>Kirjoituslehti\u00f6\/tyynykotelo\/tyynyn pidike\/tyynyn kansi muovip\u00e4\u00e4llystetyst\u00e4 vahvasta pahvista. Tukeva pidike yl\u00e4reunassa pit\u00e4\u00e4 lohkot tai asiakirjat paikoillaan. Suora tasku irtonaisten papereiden s\u00e4ilytt\u00e4miseen.<\/p>","protected":false},"excerpt":{"rendered":"<p>Lohkon etu A4-muodossa.<\/p>","protected":false},"featured_media":136410,"template":"","meta":{"_acf_changed":false},"product_brand":[],"product_cat":[4313],"product_tag":[4381],"class_list":{"0":"post-116103","1":"product","2":"type-product","3":"status-publish","4":"has-post-thumbnail","6":"product_cat-skrivplattor","7":"product_tag-svart","8":"product_shipping_class-tunga-paket","9":"pa_brands-durable","10":"pa_farg-svart","11":"tm-no-options","13":"first","14":"instock","15":"sale","16":"taxable","17":"shipping-taxable","18":"purchasable","19":"product-type-simple"},"acf":[],"_links":{"self":[{"href":"https:\/\/secureus.se\/fi\/wp-json\/wp\/v2\/product\/116103","targetHints":{"allow":["GET"]}}],"collection":[{"href":"https:\/\/secureus.se\/fi\/wp-json\/wp\/v2\/product"}],"about":[{"href":"https:\/\/secureus.se\/fi\/wp-json\/wp\/v2\/types\/product"}],"wp:featuredmedia":[{"embeddable":true,"href":"https:\/\/secureus.se\/fi\/wp-json\/wp\/v2\/media\/136410"}],"wp:attachment":[{"href":"https:\/\/secureus.se\/fi\/wp-json\/wp\/v2\/media?parent=116103"}],"wp:term":[{"taxonomy":"product_brand","embeddable":true,"href":"https:\/\/secureus.se\/fi\/wp-json\/wp\/v2\/product_brand?post=116103"},{"taxonomy":"product_cat","embeddable":true,"href":"https:\/\/secureus.se\/fi\/wp-json\/wp\/v2\/product_cat?post=116103"},{"taxonomy":"product_tag","embeddable":true,"href":"https:\/\/secureus.se\/fi\/wp-json\/wp\/v2\/product_tag?post=116103"}],"curies":[{"name":"wp","href":"https:\/\/api.w.org\/{rel}","templated":true}]}}