{"id":116128,"date":"2024-11-05T17:17:02","date_gmt":"2024-11-05T16:17:02","guid":{"rendered":"https:\/\/secureus.se\/?post_type=product&#038;p=116128"},"modified":"2026-01-12T12:33:35","modified_gmt":"2026-01-12T11:33:35","slug":"skarmhallare-pro-for-1-skarm-och-1-surfplatta-kabelhalsfaste","status":"publish","type":"product","link":"https:\/\/secureus.se\/fi\/skarmhallare-pro-for-1-skarm-och-1-surfplatta-kabelhalsfaste\/","title":{"rendered":"N\u00e4yt\u00f6npidike PRO 1 n\u00e4yt\u00f6lle ja 1 tabletille, kaapelinreik\u00e4kiinnike"},"content":{"rendered":"<p>Durablen hyv\u00e4laatuiset helppok\u00e4ytt\u00f6iset n\u00e4yt\u00f6n pidikkeet (tai n\u00e4ytt\u00f6varret, kuten niit\u00e4 my\u00f6s kutsutaan) vapauttavat tilaa p\u00f6yd\u00e4ll\u00e4 ja tarjoavat hyv\u00e4n ty\u00f6ergonomian. Ajattoman ja tyylikk\u00e4\u00e4n muotoilun ansiosta ne toimivat hyvin monissa eri ymp\u00e4rist\u00f6iss\u00e4. Tarkoitettu n\u00e4yt\u00f6ille, joiden koko on 21-28 tuumaa ja paino 3-8 kg ja jotka on valmistettu VESA-asennukseen 75 x 75 mm tai 100 x 100 mm. N\u00e4ytt\u00f6 napsautetaan yksinkertaisesti patentoitavaan pikakiinnikkeeseen. N\u00e4yt\u00f6n pidikkeet ovat joustavia, koska ne on kallistettu hyv\u00e4n lukukulman saamiseksi ja k\u00e4\u00e4nnett\u00e4viss\u00e4, jotta n\u00e4ytt\u00f6 on pysty- tai vaaka-asennossa, 28-34 tuuman n\u00e4yt\u00f6iss\u00e4 k\u00e4\u00e4nnett\u00e4vyys on rajoitettu. Valmistettu valikoiduista korkealaatuisista materiaaleista pitk\u00e4n k\u00e4ytt\u00f6i\u00e4n takaamiseksi \u2013 alumiinista, metallista ja laadukkaasta muovista jopa 60 % kierr\u00e4tysmateriaaleista. Kierr\u00e4tett\u00e4v\u00e4 jopa 100 % tekee n\u00e4ist\u00e4 n\u00e4yt\u00f6n pidikkeist\u00e4 ymp\u00e4rist\u00f6yst\u00e4v\u00e4llisi\u00e4 ISO 14021 -standardin mukaisesti. Valmistus tapahtuu DURABLE:n tuotantolaitoksessa Saksassa. 10 vuoden takuu. Hakemus n\u00e4iden n\u00e4yt\u00f6n pidikkeiden hyv\u00e4ksymisest\u00e4 turvamerkinn\u00e4ll\u00e4 GS (proven safety), joka antaa ostajille, j\u00e4lleenmyyjille ja loppukuluttajille takuun siit\u00e4, ett\u00e4 tuote t\u00e4ytt\u00e4\u00e4 viimeisimm\u00e4t turvallisuusvaatimukset, on j\u00e4tetty sek\u00e4 hakemus T\u00dcV-sertifioinnista, joka on my\u00f6s tunnustettu saksalainen tuoteturvallisuus- ja laatusertifikaatti.<\/p>\n<p>N\u00e4yt\u00f6n pidike tietokoneen n\u00e4yt\u00f6lle ja tabletille. Koostuu pystysuorasta p\u00f6yt\u00e4telineest\u00e4 ja poikittaisesta varresta, jossa on kaksi liukuvaa kiinnikett\u00e4. N\u00e4yt\u00f6n kiinnikkeet voidaan lukita valittuun asentoon ja ne kiinnitet\u00e4\u00e4n turvallisesti, kun n\u00e4ytt\u00f6jen korkeus on s\u00e4\u00e4detty. Poikittaisen varren korkeus on s\u00e4\u00e4dett\u00e4viss\u00e4 50-340 mm. Tablettiteline sopii 7\u2033 - 13\u2033 tableteille ja sit\u00e4 voidaan k\u00e4\u00e4nt\u00e4\u00e4 360\u00b0 nelj\u00e4ll\u00e4 pys\u00e4ytysasennolla 90\u00b0 v\u00e4lein. Se voidaan my\u00f6s lukita erityisell\u00e4 avaimella tabletin poistamisen est\u00e4miseksi. Mukana on viisi kaapelipidikett\u00e4, jotka voidaan sijoittaa sopivaan paikkaan - jotta kaapelit pysyv\u00e4t j\u00e4rjestyksess\u00e4. Sein\u00e4kkeet voidaan kallistaa erikseen 110 - 85\u00b0 yl\u00f6sp\u00e4in ja 25\u00b0 alasp\u00e4in. Helppo asentaa: kaapelinreik\u00e4kiinnike p\u00f6yt\u00e4levyille, joiden kaapelirei\u00e4t ovat halkaisijaltaan 60-80 mm. Mitat: 780 x 445 x 190 mm (L x K x S)<\/p>\n<p>Lue lis\u00e4\u00e4 GS-merkinn\u00e4st\u00e4: https:\/\/www.handelskammer.se\/vara-tjanster\/miljorapportering\/symbolguiden\/geprufte-sicherheit-provad-sakerhet<br \/>\nLue lis\u00e4\u00e4 T\u00dcV-sertifioinnista: https:\/\/www.handelskammer.se\/vara-tjanster\/miljorapportering\/symbolguiden\/tuv-technischer-uberwachungsverein<br \/>\nTakuuehdot l\u00f6ytyv\u00e4t t\u00e4\u00e4lt\u00e4: https:\/\/www.durable.se\/sv_SE\/service\/garanti\/garanti-foer-skaermhaallare\/<\/p>","protected":false},"excerpt":{"rendered":"<p>S\u00e4\u00e4dett\u00e4v\u00e4 n\u00e4yt\u00f6n pidike eri laitteilla ty\u00f6skentelemiseen; tietokoneen n\u00e4ytt\u00f6 ja tabletti. Kaapelirei\u00e4n kannakkeella.<\/p>","protected":false},"featured_media":135629,"template":"","meta":{"_acf_changed":false},"product_brand":[],"product_cat":[4243],"product_tag":[4382],"class_list":{"0":"post-116128","1":"product","2":"type-product","3":"status-publish","4":"has-post-thumbnail","6":"product_cat-skarmhallare","7":"product_tag-silver","8":"product_shipping_class-tunga-paket","9":"pa_brands-durable","10":"pa_farg-silver","11":"tm-no-options","13":"first","14":"instock","15":"sale","16":"taxable","17":"shipping-taxable","18":"purchasable","19":"product-type-simple"},"acf":[],"_links":{"self":[{"href":"https:\/\/secureus.se\/fi\/wp-json\/wp\/v2\/product\/116128","targetHints":{"allow":["GET"]}}],"collection":[{"href":"https:\/\/secureus.se\/fi\/wp-json\/wp\/v2\/product"}],"about":[{"href":"https:\/\/secureus.se\/fi\/wp-json\/wp\/v2\/types\/product"}],"wp:featuredmedia":[{"embeddable":true,"href":"https:\/\/secureus.se\/fi\/wp-json\/wp\/v2\/media\/135629"}],"wp:attachment":[{"href":"https:\/\/secureus.se\/fi\/wp-json\/wp\/v2\/media?parent=116128"}],"wp:term":[{"taxonomy":"product_brand","embeddable":true,"href":"https:\/\/secureus.se\/fi\/wp-json\/wp\/v2\/product_brand?post=116128"},{"taxonomy":"product_cat","embeddable":true,"href":"https:\/\/secureus.se\/fi\/wp-json\/wp\/v2\/product_cat?post=116128"},{"taxonomy":"product_tag","embeddable":true,"href":"https:\/\/secureus.se\/fi\/wp-json\/wp\/v2\/product_tag?post=116128"}],"curies":[{"name":"wp","href":"https:\/\/api.w.org\/{rel}","templated":true}]}}