{"id":116155,"date":"2024-11-20T14:10:40","date_gmt":"2024-11-20T13:10:40","guid":{"rendered":"https:\/\/secureus.se\/?post_type=product&#038;p=116155"},"modified":"2025-09-15T12:52:24","modified_gmt":"2025-09-15T10:52:24","slug":"golvmarkeringstejp-duraline50-12-3","status":"publish","type":"product","link":"https:\/\/secureus.se\/fi\/golvmarkeringstejp-duraline50-12-3\/","title":{"rendered":"Lattiamerkint\u00e4teippi DURALINE\u00ae50\/12"},"content":{"rendered":"<p>Itsekiinnittyv\u00e4, eritt\u00e4in vahva merkint\u00e4teippi sis\u00e4k\u00e4ytt\u00f6\u00f6n. K\u00e4ytet\u00e4\u00e4n huomiota vaativien alueiden pysyv\u00e4\u00e4n merkitsemiseen, esim. liikennealueet ja rajoitusalueet. Kiinnittyy puhtaisiin ja kuiviin betonilattioihin. Kest\u00e4v\u00e4 ja kest\u00e4v\u00e4, liukastumisenestoluokitus R10 DIN51130:n mukaisesti. Viistetyt reunat.<br \/>\nMitat (L x P): Rulla 30 m, leveys 50 mm, paksuus 1,2 mm<\/p>","protected":false},"excerpt":{"rendered":"<p>Itseliimautuva yksiv\u00e4rinen lattiamerkint\u00e4teippi j\u00e4rjestyksen ja turvallisuuden luomiseen varastoihin ja teollisuuteen. 1,2 mm paksu<\/p>","protected":false},"featured_media":115390,"template":"","meta":{"_acf_changed":false},"product_brand":[],"product_cat":[4303],"product_tag":[],"class_list":{"0":"post-116155","1":"product","2":"type-product","3":"status-publish","4":"has-post-thumbnail","6":"product_cat-golvtejp","7":"pa_brands-durable","8":"pa_farg-rod","9":"tm-no-options","11":"first","12":"instock","13":"sale","14":"taxable","15":"shipping-taxable","16":"purchasable","17":"product-type-simple"},"acf":[],"_links":{"self":[{"href":"https:\/\/secureus.se\/fi\/wp-json\/wp\/v2\/product\/116155","targetHints":{"allow":["GET"]}}],"collection":[{"href":"https:\/\/secureus.se\/fi\/wp-json\/wp\/v2\/product"}],"about":[{"href":"https:\/\/secureus.se\/fi\/wp-json\/wp\/v2\/types\/product"}],"wp:featuredmedia":[{"embeddable":true,"href":"https:\/\/secureus.se\/fi\/wp-json\/wp\/v2\/media\/115390"}],"wp:attachment":[{"href":"https:\/\/secureus.se\/fi\/wp-json\/wp\/v2\/media?parent=116155"}],"wp:term":[{"taxonomy":"product_brand","embeddable":true,"href":"https:\/\/secureus.se\/fi\/wp-json\/wp\/v2\/product_brand?post=116155"},{"taxonomy":"product_cat","embeddable":true,"href":"https:\/\/secureus.se\/fi\/wp-json\/wp\/v2\/product_cat?post=116155"},{"taxonomy":"product_tag","embeddable":true,"href":"https:\/\/secureus.se\/fi\/wp-json\/wp\/v2\/product_tag?post=116155"}],"curies":[{"name":"wp","href":"https:\/\/api.w.org\/{rel}","templated":true}]}}