{"id":116275,"date":"2024-11-05T17:13:11","date_gmt":"2024-11-05T16:13:11","guid":{"rendered":"https:\/\/secureus.se\/?post_type=product&#038;p=116275"},"modified":"2026-01-12T12:54:32","modified_gmt":"2026-01-12T11:54:32","slug":"tablet-holder-wall-arm","status":"publish","type":"product","link":"https:\/\/secureus.se\/fi\/tablet-holder-wall-arm\/","title":{"rendered":"TABLETTIPIDIN SEIN\u00c4VARSI"},"content":{"rendered":"<p>Sein\u00e4lle kiinnitett\u00e4v\u00e4 tablettipidike nivelvarrella, tyylik\u00e4s ja toimiva muotoilu tableteille, joiden koko on 7\u2033-13\u2033 (160-275 mm). Tiedoksi ja paljastettavaksi messuilla, myynti- ja n\u00e4yttelytiloissa ja muissa paikoissa. L\u00e4hell\u00e4 sein\u00e4\u00e4 ja helppo asentaa. Telinett\u00e4, jonka kumip\u00e4\u00e4llysteiset pinnat suojaavat tablettia naarmuilta ja vaurioilta, voidaan k\u00e4\u00e4nt\u00e4\u00e4 360\u00b0 nelj\u00e4ll\u00e4 pys\u00e4ytysasennolla 90\u00b0 v\u00e4lein k\u00e4ytett\u00e4v\u00e4ksi pysty- tai vaakasuunnassa. Se on eritt\u00e4in helppo mukauttaa tarpeen mukaan, koska sit\u00e4 voidaan kallistaa portaattomasti yl\u00f6s ja alas -6\u00b0:sta + 46\u00b0:een ja sit\u00e4 voidaan k\u00e4\u00e4nt\u00e4\u00e4 170\u00b0 oikealle ja vasemmalle. Tabletti on helppo asettaa paikalleen ja irrottaa pidikkeest\u00e4, joka on lukittu erikoisavaimella varkauden est\u00e4miseksi. Latauskaapeli liitet\u00e4\u00e4n pidikkeess\u00e4 olevan aukon kautta. Vartta voidaan k\u00e4\u00e4nt\u00e4\u00e4 sivusuunnassa 180\u00b0 ja pident\u00e4\u00e4 365 mm:iin. Helposti asennettava, vahva ja turvallinen sein\u00e4teline mukaan lukien ruuvi ja tulppa.<br \/>\nTabletin enimm\u00e4ispaino 1 kg.<br \/>\nMateriaalit: pelti, alumiini, ABS-muovi<br \/>\nMitat: 95 x 225 x 170 mm (L x K x S)<\/p>","protected":false},"excerpt":{"rendered":"<p>Tabletin pidike. Sein\u00e4teline nivelletyll\u00e4 k\u00e4\u00e4nt\u00f6varrella yhdelle tai useammalle k\u00e4ytt\u00e4j\u00e4lle. <\/p>","protected":false},"featured_media":135764,"template":"","meta":{"_acf_changed":false},"product_brand":[],"product_cat":[4236],"product_tag":[4382],"class_list":{"0":"post-116275","1":"product","2":"type-product","3":"status-publish","4":"has-post-thumbnail","6":"product_cat-surfplattehallare","7":"product_tag-silver","8":"product_shipping_class-tunga-paket","9":"pa_brands-durable","10":"pa_farg-silver","11":"tm-no-options","13":"first","14":"instock","15":"sale","16":"taxable","17":"shipping-taxable","18":"purchasable","19":"product-type-simple"},"acf":[],"_links":{"self":[{"href":"https:\/\/secureus.se\/fi\/wp-json\/wp\/v2\/product\/116275","targetHints":{"allow":["GET"]}}],"collection":[{"href":"https:\/\/secureus.se\/fi\/wp-json\/wp\/v2\/product"}],"about":[{"href":"https:\/\/secureus.se\/fi\/wp-json\/wp\/v2\/types\/product"}],"wp:featuredmedia":[{"embeddable":true,"href":"https:\/\/secureus.se\/fi\/wp-json\/wp\/v2\/media\/135764"}],"wp:attachment":[{"href":"https:\/\/secureus.se\/fi\/wp-json\/wp\/v2\/media?parent=116275"}],"wp:term":[{"taxonomy":"product_brand","embeddable":true,"href":"https:\/\/secureus.se\/fi\/wp-json\/wp\/v2\/product_brand?post=116275"},{"taxonomy":"product_cat","embeddable":true,"href":"https:\/\/secureus.se\/fi\/wp-json\/wp\/v2\/product_cat?post=116275"},{"taxonomy":"product_tag","embeddable":true,"href":"https:\/\/secureus.se\/fi\/wp-json\/wp\/v2\/product_tag?post=116275"}],"curies":[{"name":"wp","href":"https:\/\/api.w.org\/{rel}","templated":true}]}}