{"id":116326,"date":"2024-11-05T17:21:29","date_gmt":"2024-11-05T16:21:29","guid":{"rendered":"https:\/\/secureus.se\/?post_type=product&#038;p=116326"},"modified":"2026-01-12T12:49:34","modified_gmt":"2026-01-12T11:49:34","slug":"sjalvhaftande-ficka-pocketfix-a4-50-st","status":"publish","type":"product","link":"https:\/\/secureus.se\/fi\/sjalvhaftande-ficka-pocketfix-a4-50-st\/","title":{"rendered":"Itseliimautuva tasku POCKETFIX\u00ae A4 50 kpl"},"content":{"rendered":"<p>Tarrakansiot, kansiot, laatikot jne. tarroilla, jotka asetetaan itseliimautuvaan POCKETFIX\u00ae-taskuun. L\u00e4pin\u00e4kyv\u00e4 tasku on valmistettu polypropeenimuovista. T\u00e4ss\u00e4 A4-asiakirjojen taskussa on aukko toisella lyhyell\u00e4 sivulla. Ulkomitat: 302\u00d7216 mm (LxK). Pakkauksessa 50 taskua.<\/p>","protected":false},"excerpt":{"rendered":"<p>Itseliimautuva tasku, jossa aukko toisella lyhyell\u00e4 sivulla. A4-kokoisille asiakirjoille.<\/p>","protected":false},"featured_media":135429,"template":"","meta":{"_acf_changed":false},"product_brand":[],"product_cat":[4252],"product_tag":[4376],"class_list":{"0":"post-116326","1":"product","2":"type-product","3":"status-publish","4":"has-post-thumbnail","6":"product_cat-sjalvhaftande-fickor","7":"product_tag-transparent","8":"product_shipping_class-tunga-paket","9":"pa_brands-durable","10":"pa_farg-transparent","11":"tm-no-options","13":"first","14":"instock","15":"sale","16":"taxable","17":"shipping-taxable","18":"purchasable","19":"product-type-simple"},"acf":[],"_links":{"self":[{"href":"https:\/\/secureus.se\/fi\/wp-json\/wp\/v2\/product\/116326","targetHints":{"allow":["GET"]}}],"collection":[{"href":"https:\/\/secureus.se\/fi\/wp-json\/wp\/v2\/product"}],"about":[{"href":"https:\/\/secureus.se\/fi\/wp-json\/wp\/v2\/types\/product"}],"wp:featuredmedia":[{"embeddable":true,"href":"https:\/\/secureus.se\/fi\/wp-json\/wp\/v2\/media\/135429"}],"wp:attachment":[{"href":"https:\/\/secureus.se\/fi\/wp-json\/wp\/v2\/media?parent=116326"}],"wp:term":[{"taxonomy":"product_brand","embeddable":true,"href":"https:\/\/secureus.se\/fi\/wp-json\/wp\/v2\/product_brand?post=116326"},{"taxonomy":"product_cat","embeddable":true,"href":"https:\/\/secureus.se\/fi\/wp-json\/wp\/v2\/product_cat?post=116326"},{"taxonomy":"product_tag","embeddable":true,"href":"https:\/\/secureus.se\/fi\/wp-json\/wp\/v2\/product_tag?post=116326"}],"curies":[{"name":"wp","href":"https:\/\/api.w.org\/{rel}","templated":true}]}}