{"id":116339,"date":"2024-11-05T17:03:37","date_gmt":"2024-11-05T16:03:37","guid":{"rendered":"https:\/\/secureus.se\/?post_type=product&#038;p=116339"},"modified":"2026-01-12T12:33:26","modified_gmt":"2026-01-12T11:33:26","slug":"vario-wall-20","status":"publish","type":"product","link":"https:\/\/secureus.se\/fi\/vario-wall-20\/","title":{"rendered":"VARIO\u00ae SEIN\u00c4 20"},"content":{"rendered":"<p>Tieto- ja esittelytelineet, joilla on monia eri nimi\u00e4; paneeli, n\u00e4ytt\u00f6, yleiskuvausj\u00e4rjestelm\u00e4, siipirekisteri, PLU-pidike, asiakirjateline, lat dog.... Nimest\u00e4 riippumatta sill\u00e4 on monia k\u00e4ytt\u00f6tarkoituksia toimistoissa, kaupoissa, keitti\u00f6iss\u00e4, kassoilla, n\u00e4yttelyiss\u00e4 jne. Usein k\u00e4ytetty tieto tallennetaan, l\u00f6ydet\u00e4\u00e4n nopeasti ja on helposti katseltavissa yleiskatsausj\u00e4rjestelm\u00e4\u00e4n. VARIO\u00ae WALL on t\u00e4ydellinen sein\u00e4teline, jossa on 20 heijastamatonta, skannattavaa polypropeenista muovitaskua (punainen, keltainen, vihre\u00e4 ja tummansininen) A4-kokoisille asiakirjoille. Mukana liikkuva 58 mm:n kannatin sek\u00e4 ruuvi ja tulppa. Taskuja asetettaessa ja irrotettaessa taskua on hyv\u00e4 taivuttaa hieman varovasti keskelt\u00e4 pitk\u00e4\u00e4 sis\u00e4sivua pitkin, jolloin tasku on helppo laittaa paikalleen ja poistaa pitimen piikkej\u00e4 vahingoittamatta. 5 vuoden takuu. Takuuehdot l\u00f6ytyv\u00e4t t\u00e4\u00e4lt\u00e4: https:\/\/www.durable.se\/sv_SE\/service\/garanti\/garanti-foer-sherpa-vario\/<\/p>","protected":false},"excerpt":{"rendered":"<p>T\u00e4ydellinen metallinen sein\u00e4teline, jossa on 20 taitettavaa A4-paneelia, jotta usein k\u00e4ytetyt tiedot ovat nopeasti ja selke\u00e4sti k\u00e4sill\u00e4. <\/p>","protected":false},"featured_media":135976,"template":"","meta":{"_acf_changed":false},"product_brand":[],"product_cat":[4299],"product_tag":[4397],"class_list":{"0":"post-116339","1":"product","2":"type-product","3":"status-publish","4":"has-post-thumbnail","6":"product_cat-bladderpanelsystem-vagg","7":"product_tag-mix","8":"product_shipping_class-tunga-paket","9":"pa_brands-durable","10":"pa_farg-mix","11":"tm-no-options","13":"first","14":"instock","15":"sale","16":"taxable","17":"shipping-taxable","18":"purchasable","19":"product-type-simple"},"acf":[],"_links":{"self":[{"href":"https:\/\/secureus.se\/fi\/wp-json\/wp\/v2\/product\/116339","targetHints":{"allow":["GET"]}}],"collection":[{"href":"https:\/\/secureus.se\/fi\/wp-json\/wp\/v2\/product"}],"about":[{"href":"https:\/\/secureus.se\/fi\/wp-json\/wp\/v2\/types\/product"}],"wp:featuredmedia":[{"embeddable":true,"href":"https:\/\/secureus.se\/fi\/wp-json\/wp\/v2\/media\/135976"}],"wp:attachment":[{"href":"https:\/\/secureus.se\/fi\/wp-json\/wp\/v2\/media?parent=116339"}],"wp:term":[{"taxonomy":"product_brand","embeddable":true,"href":"https:\/\/secureus.se\/fi\/wp-json\/wp\/v2\/product_brand?post=116339"},{"taxonomy":"product_cat","embeddable":true,"href":"https:\/\/secureus.se\/fi\/wp-json\/wp\/v2\/product_cat?post=116339"},{"taxonomy":"product_tag","embeddable":true,"href":"https:\/\/secureus.se\/fi\/wp-json\/wp\/v2\/product_tag?post=116339"}],"curies":[{"name":"wp","href":"https:\/\/api.w.org\/{rel}","templated":true}]}}