{"id":116384,"date":"2024-11-20T14:11:21","date_gmt":"2024-11-20T13:11:21","guid":{"rendered":"https:\/\/secureus.se\/?post_type=product&#038;p=116384"},"modified":"2025-09-15T12:53:38","modified_gmt":"2025-09-15T10:53:38","slug":"kabelsamlare-cavoline-grip-10-2","status":"publish","type":"product","link":"https:\/\/secureus.se\/fi\/kabelsamlare-cavoline-grip-10-2\/","title":{"rendered":"Kaapeliker\u00e4in CAVOLINE\u00ae GRIP 10"},"content":{"rendered":"<p>Pid\u00e4 kaapelit kunnossa CAVOLINE\u00ae:lla sek\u00e4 toimistossa ett\u00e4 kotona. Ker\u00e4\u00e4 kaapelit ja se n\u00e4ytt\u00e4\u00e4 siistimm\u00e4lt\u00e4 ja on my\u00f6s helpompi puhdistaa.<br \/>\n1 cm leve\u00e4 tarranauha leikataan haluttuun pituuteen sopimaan erilaisiin nippuihin. Nauhaa voi k\u00e4ytt\u00e4\u00e4 useita kertoja.<br \/>\n  Mitat: 1 m x 1 cm (P x L)<\/p>","protected":false},"excerpt":{"rendered":"<p>1 cm leve\u00e4st\u00e4 tarranauhasta valmistettu kaapeliker\u00e4in, joka leikataan haluttuun pituuteen.<\/p>","protected":false},"featured_media":133736,"template":"","meta":{"_acf_changed":false},"product_brand":[],"product_cat":[4287],"product_tag":[4396],"class_list":{"0":"post-116384","1":"product","2":"type-product","3":"status-publish","4":"has-post-thumbnail","6":"product_cat-kabelsamlare","7":"product_tag-vit","8":"pa_brands-durable","9":"pa_farg-vit","10":"tm-no-options","12":"first","13":"instock","14":"sale","15":"taxable","16":"shipping-taxable","17":"purchasable","18":"product-type-simple"},"acf":[],"_links":{"self":[{"href":"https:\/\/secureus.se\/fi\/wp-json\/wp\/v2\/product\/116384","targetHints":{"allow":["GET"]}}],"collection":[{"href":"https:\/\/secureus.se\/fi\/wp-json\/wp\/v2\/product"}],"about":[{"href":"https:\/\/secureus.se\/fi\/wp-json\/wp\/v2\/types\/product"}],"wp:featuredmedia":[{"embeddable":true,"href":"https:\/\/secureus.se\/fi\/wp-json\/wp\/v2\/media\/133736"}],"wp:attachment":[{"href":"https:\/\/secureus.se\/fi\/wp-json\/wp\/v2\/media?parent=116384"}],"wp:term":[{"taxonomy":"product_brand","embeddable":true,"href":"https:\/\/secureus.se\/fi\/wp-json\/wp\/v2\/product_brand?post=116384"},{"taxonomy":"product_cat","embeddable":true,"href":"https:\/\/secureus.se\/fi\/wp-json\/wp\/v2\/product_cat?post=116384"},{"taxonomy":"product_tag","embeddable":true,"href":"https:\/\/secureus.se\/fi\/wp-json\/wp\/v2\/product_tag?post=116384"}],"curies":[{"name":"wp","href":"https:\/\/api.w.org\/{rel}","templated":true}]}}