{"id":116387,"date":"2024-11-05T17:01:17","date_gmt":"2024-11-05T16:01:17","guid":{"rendered":"https:\/\/secureus.se\/?post_type=product&#038;p=116387"},"modified":"2025-12-31T21:22:49","modified_gmt":"2025-12-31T20:22:49","slug":"varseldekal-stop-borttagbar","status":"publish","type":"product","link":"https:\/\/secureus.se\/fi\/varseldekal-stop-borttagbar\/","title":{"rendered":"Varoitustarra &quot;STOP&quot; irroitettavissa"},"content":{"rendered":"<p>Lis\u00e4\u00e4 turvallisuutta julkisissa ymp\u00e4rist\u00f6iss\u00e4: lattiamerkint\u00e4tarrat pakollisilla tai kiellettyill\u00e4 symboleilla, jotka auttavat viestim\u00e4\u00e4n hygienia- ja et\u00e4isyyss\u00e4\u00e4nn\u00f6ist\u00e4. Itsekiinnittyv\u00e4, irrotettava iso lattiatarra &quot;STOP&quot; ilmoittaa selv\u00e4sti, ett\u00e4 alueella (esim. kaupat, kuntosalit, hotellit, ravintolat) eteneminen on kielletty. Kiinnittyy puhtaisiin ja kuiviin betonilattioihin. Liukumattomuusluokka R9 DIN 51130 mukaan. Kilvet t\u00e4ytt\u00e4v\u00e4t ISO 7010 vaatimukset.<br \/>\nMitat: \u00d8 430 mm, paksuus 0,2 mm<\/p>","protected":false},"excerpt":{"rendered":"<p>Itsekiinnittyv\u00e4, irrotettava kieltokyltti lattiamaalaukseen. Ilmoittaa t\u00e4\u00e4ll\u00e4 selke\u00e4sti, mutta ei enemp\u00e4\u00e4.<\/p>","protected":false},"featured_media":136034,"template":"","meta":{"_acf_changed":false},"product_brand":[],"product_cat":[4307],"product_tag":[4389],"class_list":{"0":"post-116387","1":"product","2":"type-product","3":"status-publish","4":"has-post-thumbnail","6":"product_cat-sakerhetsmarkning","7":"product_tag-rod","8":"product_shipping_class-tunga-paket","9":"pa_brands-durable","10":"pa_farg-rod","11":"tm-no-options","13":"first","14":"instock","15":"sale","16":"taxable","17":"shipping-taxable","18":"purchasable","19":"product-type-simple"},"acf":[],"_links":{"self":[{"href":"https:\/\/secureus.se\/fi\/wp-json\/wp\/v2\/product\/116387","targetHints":{"allow":["GET"]}}],"collection":[{"href":"https:\/\/secureus.se\/fi\/wp-json\/wp\/v2\/product"}],"about":[{"href":"https:\/\/secureus.se\/fi\/wp-json\/wp\/v2\/types\/product"}],"wp:featuredmedia":[{"embeddable":true,"href":"https:\/\/secureus.se\/fi\/wp-json\/wp\/v2\/media\/136034"}],"wp:attachment":[{"href":"https:\/\/secureus.se\/fi\/wp-json\/wp\/v2\/media?parent=116387"}],"wp:term":[{"taxonomy":"product_brand","embeddable":true,"href":"https:\/\/secureus.se\/fi\/wp-json\/wp\/v2\/product_brand?post=116387"},{"taxonomy":"product_cat","embeddable":true,"href":"https:\/\/secureus.se\/fi\/wp-json\/wp\/v2\/product_cat?post=116387"},{"taxonomy":"product_tag","embeddable":true,"href":"https:\/\/secureus.se\/fi\/wp-json\/wp\/v2\/product_tag?post=116387"}],"curies":[{"name":"wp","href":"https:\/\/api.w.org\/{rel}","templated":true}]}}