{"id":116479,"date":"2024-11-05T17:18:00","date_gmt":"2024-11-05T16:18:00","guid":{"rendered":"https:\/\/secureus.se\/?post_type=product&#038;p=116479"},"modified":"2026-04-09T10:26:32","modified_gmt":"2026-04-09T08:26:32","slug":"skrivplatta-med-omslag-a4-2","status":"publish","type":"product","link":"https:\/\/secureus.se\/fi\/skrivplatta-med-omslag-a4-2\/","title":{"rendered":"Kirjoituslehti\u00f6 kansilla A4"},"content":{"rendered":"<p>Muovip\u00e4\u00e4llysteisest\u00e4 paksusta pahvista valmistettu kirjoitusalusta\/muistikirjakotelo\/muistikirjanpidike\/muistikirjan suojus. Tukeva klipsi yl\u00e4reunassa pit\u00e4\u00e4 muistikirjan tai asiakirjat paikoillaan. Muistikirjan takaosan voi ty\u00f6nt\u00e4\u00e4 taskuun tukevaa kiinnityst\u00e4 varten. Suuri vino tasku irtopapereiden s\u00e4ilytt\u00e4mist\u00e4 varten.<\/p>","protected":false},"excerpt":{"rendered":"<p>Kotelo A4-muodolle.<\/p>","protected":false},"featured_media":136394,"template":"","meta":{"_acf_changed":false},"product_brand":[],"product_cat":[4313],"product_tag":[4381],"class_list":{"0":"post-116479","1":"product","2":"type-product","3":"status-publish","4":"has-post-thumbnail","6":"product_cat-skrivplattor","7":"product_tag-svart","8":"product_shipping_class-tunga-paket","9":"pa_brands-durable","10":"pa_farg-svart","11":"tm-no-options","13":"first","14":"instock","15":"sale","16":"taxable","17":"shipping-taxable","18":"purchasable","19":"product-type-simple"},"acf":[],"_links":{"self":[{"href":"https:\/\/secureus.se\/fi\/wp-json\/wp\/v2\/product\/116479","targetHints":{"allow":["GET"]}}],"collection":[{"href":"https:\/\/secureus.se\/fi\/wp-json\/wp\/v2\/product"}],"about":[{"href":"https:\/\/secureus.se\/fi\/wp-json\/wp\/v2\/types\/product"}],"wp:featuredmedia":[{"embeddable":true,"href":"https:\/\/secureus.se\/fi\/wp-json\/wp\/v2\/media\/136394"}],"wp:attachment":[{"href":"https:\/\/secureus.se\/fi\/wp-json\/wp\/v2\/media?parent=116479"}],"wp:term":[{"taxonomy":"product_brand","embeddable":true,"href":"https:\/\/secureus.se\/fi\/wp-json\/wp\/v2\/product_brand?post=116479"},{"taxonomy":"product_cat","embeddable":true,"href":"https:\/\/secureus.se\/fi\/wp-json\/wp\/v2\/product_cat?post=116479"},{"taxonomy":"product_tag","embeddable":true,"href":"https:\/\/secureus.se\/fi\/wp-json\/wp\/v2\/product_tag?post=116479"}],"curies":[{"name":"wp","href":"https:\/\/api.w.org\/{rel}","templated":true}]}}