{"id":116506,"date":"2024-11-05T16:58:00","date_gmt":"2024-11-05T15:58:00","guid":{"rendered":"https:\/\/secureus.se\/?post_type=product&#038;p=116506"},"modified":"2026-03-11T14:41:01","modified_gmt":"2026-03-11T13:41:01","slug":"golvstativ-snappram-a4","status":"publish","type":"product","link":"https:\/\/secureus.se\/fi\/golvstativ-snappram-a4\/","title":{"rendered":"Lattiatelineen napsautuskehys A4"},"content":{"rendered":"<p>Kylttiteline napsautuskehyksell\u00e4 ja kromatulla teleskooppitelineell\u00e4, joka on portaittain s\u00e4\u00e4dett\u00e4viss\u00e4 77-120 cm (pysty A4). Eritt\u00e4in hy\u00f6dyllinen museoissa, n\u00e4yttelyiss\u00e4, vastaanotoissa ja muissa paikoissa sellaisten tietojen n\u00e4ytt\u00e4miseksi, jotka on ehk\u00e4 vaihdettava jossain vaiheessa. Vaihda sis\u00e4osa k\u00e4\u00e4nt\u00e4m\u00e4ll\u00e4 yl\u00f6s kaikki 4 sivuprofiilia ja poistamalla UV-suojattu ja heijastamaton muovinen etuosa, joka suojaa sis\u00e4osaa. Runko on valmistettu anodisoidusta alumiiniprofiilista, mik\u00e4 tekee alumiinipinnasta kest\u00e4v\u00e4mm\u00e4n. Infotelineen takaosa on valmistettu kest\u00e4v\u00e4st\u00e4 polystyreenist\u00e4. S\u00e4\u00e4dett\u00e4v\u00e4 lukukulma ja k\u00e4\u00e4nnett\u00e4viss\u00e4 pysty- tai vaakamuotoon asetettaviksi. Py\u00f6re\u00e4 jalka (\u00d8 25 cm), jonka alla on kumirengas suojaamaan lattiaa naarmuilta. Jalka voidaan my\u00f6s t\u00e4ytt\u00e4\u00e4 1,1 kg:lla hiekkaa lis\u00e4\u00e4 vakautta.<br \/>\nTarvikkeet: 1,5 kg hiekkaa, tuotenro 333516.<\/p>","protected":false},"excerpt":{"rendered":"<p>Lattialla seisova kylttiteline napsautuskehyksell\u00e4 A4-kokoon. S\u00e4\u00e4dett\u00e4v\u00e4 korkeus ja lukukulma ja k\u00e4\u00e4nnett\u00e4viss\u00e4 pysty- tai vaakamuotoon.<\/p>","protected":false},"featured_media":137014,"template":"","meta":{"_acf_changed":false},"product_brand":[],"product_cat":[4304],"product_tag":[4382],"class_list":{"0":"post-116506","1":"product","2":"type-product","3":"status-publish","4":"has-post-thumbnail","6":"product_cat-broschyrstall-golvstativ","7":"product_tag-silver","8":"product_shipping_class-tunga-paket","9":"pa_brands-durable","10":"pa_farg-silver","11":"tm-no-options","13":"first","14":"instock","15":"sale","16":"taxable","17":"shipping-taxable","18":"purchasable","19":"product-type-simple"},"acf":[],"_links":{"self":[{"href":"https:\/\/secureus.se\/fi\/wp-json\/wp\/v2\/product\/116506","targetHints":{"allow":["GET"]}}],"collection":[{"href":"https:\/\/secureus.se\/fi\/wp-json\/wp\/v2\/product"}],"about":[{"href":"https:\/\/secureus.se\/fi\/wp-json\/wp\/v2\/types\/product"}],"wp:featuredmedia":[{"embeddable":true,"href":"https:\/\/secureus.se\/fi\/wp-json\/wp\/v2\/media\/137014"}],"wp:attachment":[{"href":"https:\/\/secureus.se\/fi\/wp-json\/wp\/v2\/media?parent=116506"}],"wp:term":[{"taxonomy":"product_brand","embeddable":true,"href":"https:\/\/secureus.se\/fi\/wp-json\/wp\/v2\/product_brand?post=116506"},{"taxonomy":"product_cat","embeddable":true,"href":"https:\/\/secureus.se\/fi\/wp-json\/wp\/v2\/product_cat?post=116506"},{"taxonomy":"product_tag","embeddable":true,"href":"https:\/\/secureus.se\/fi\/wp-json\/wp\/v2\/product_tag?post=116506"}],"curies":[{"name":"wp","href":"https:\/\/api.w.org\/{rel}","templated":true}]}}