{"id":116627,"date":"2024-11-05T17:14:32","date_gmt":"2024-11-05T16:14:32","guid":{"rendered":"https:\/\/secureus.se\/?post_type=product&#038;p=116627"},"modified":"2026-01-12T12:28:18","modified_gmt":"2026-01-12T11:28:18","slug":"symbolskylt-wc-dam-2","status":"publish","type":"product","link":"https:\/\/secureus.se\/fi\/symbolskylt-wc-dam-2\/","title":{"rendered":"Symbolikyltti WC naiset"},"content":{"rendered":"<p>Piktogrammit \u2013 visuaaliset kuvakyltit auttavat vierailijoita suuntautumaan ja hankkimaan tietoa kaukaa ja vaikka kielt\u00e4 ei osaisikaan. Tyylik\u00e4s kyltti, joka on valmistettu naarmuuntumattomasta, harjatusta ruostumattomasta ter\u00e4ksest\u00e4. Asenna mukana toimitetuilla kiinnityslevyill\u00e4. Leikattu nainen, mitat 90\u00d7120 mm (LxK).<\/p>","protected":false},"excerpt":{"rendered":"<p>Rei&#039;itetty symbolimerkki naisten wc<\/p>","protected":false},"featured_media":136484,"template":"","meta":{"_acf_changed":false},"product_brand":[],"product_cat":[4262],"product_tag":[4382],"class_list":{"0":"post-116627","1":"product","2":"type-product","3":"status-publish","4":"has-post-thumbnail","6":"product_cat-dorrskyltar-symbolskyltar","7":"product_tag-silver","8":"product_shipping_class-tunga-paket","9":"pa_brands-durable","10":"pa_farg-silver","11":"tm-no-options","13":"first","14":"instock","15":"sale","16":"taxable","17":"shipping-taxable","18":"purchasable","19":"product-type-simple"},"acf":[],"_links":{"self":[{"href":"https:\/\/secureus.se\/fi\/wp-json\/wp\/v2\/product\/116627","targetHints":{"allow":["GET"]}}],"collection":[{"href":"https:\/\/secureus.se\/fi\/wp-json\/wp\/v2\/product"}],"about":[{"href":"https:\/\/secureus.se\/fi\/wp-json\/wp\/v2\/types\/product"}],"wp:featuredmedia":[{"embeddable":true,"href":"https:\/\/secureus.se\/fi\/wp-json\/wp\/v2\/media\/136484"}],"wp:attachment":[{"href":"https:\/\/secureus.se\/fi\/wp-json\/wp\/v2\/media?parent=116627"}],"wp:term":[{"taxonomy":"product_brand","embeddable":true,"href":"https:\/\/secureus.se\/fi\/wp-json\/wp\/v2\/product_brand?post=116627"},{"taxonomy":"product_cat","embeddable":true,"href":"https:\/\/secureus.se\/fi\/wp-json\/wp\/v2\/product_cat?post=116627"},{"taxonomy":"product_tag","embeddable":true,"href":"https:\/\/secureus.se\/fi\/wp-json\/wp\/v2\/product_tag?post=116627"}],"curies":[{"name":"wp","href":"https:\/\/api.w.org\/{rel}","templated":true}]}}