{"id":116654,"date":"2024-11-20T14:17:49","date_gmt":"2024-11-20T13:17:49","guid":{"rendered":"https:\/\/secureus.se\/?post_type=product&#038;p=116654"},"modified":"2026-01-12T12:35:14","modified_gmt":"2026-01-12T11:35:14","slug":"sekretessfilter-magnetic-12-5","status":"publish","type":"product","link":"https:\/\/secureus.se\/fi\/sekretessfilter-magnetic-12-5\/","title":{"rendered":"Tietosuojasuodatin MAGNETIC 12,5&quot;"},"content":{"rendered":"<p>Koska on tavallista ty\u00f6skennell\u00e4 useammissa paikoissa kuin toimistossa \u2013 junissa, lennoilla tai julkisilla paikoilla, joissa on paljon ihmisi\u00e4, kuten kahviloissa, my\u00f6s riski, ett\u00e4 luvattomat n\u00e4kev\u00e4t tai n\u00e4kev\u00e4t tietoja, joita emme halua tai emme saa jakaa. Suojaa tietokoneesi n\u00e4ytt\u00f6\u00e4 yksityisyyssuodattimilla visuaalista hakkerointia ja uteliailta katseilta vastaan. Poista suojamuovi suodattimen oikeasta ja vasemmasta yl\u00e4reunasta olevista magneeteista ja kiinnit\u00e4 suodatin tietokoneeseen. Poista sitten vain suodatin, joka kiinnittyy magneettisesti kahteen tietokoneeseen kiinnitettyyn magneettiin. Kun suodatin ei ole k\u00e4yt\u00f6ss\u00e4, se voidaan tallentaa mukana tulevaan tallennuskansioon. Yksityisyyssuodatin tekee n\u00e4yt\u00f6n tumman molemmilta puolilta 30\u00b0 kulmassa, mutta antaa k\u00e4ytt\u00e4j\u00e4lle selke\u00e4n n\u00e4ytt\u00f6kuvan edest\u00e4. Sivulta katsottuna yksityisyydensuojasuodatin est\u00e4\u00e4 &quot;viljahdukset&quot; 60\u00b0 kulmassa. Suodattimen mattapintainen pinta v\u00e4hent\u00e4\u00e4 silmien rasitusta ja v\u00e4hent\u00e4\u00e4 haitallista sinist\u00e4 valoa. Tietokoneen n\u00e4ytt\u00f6 on suojattu naarmuilta ja p\u00f6lylt\u00e4 yksityisyydensuojasuodattimella ja sit\u00e4 voidaan k\u00e4ytt\u00e4\u00e4 my\u00f6s kosketusn\u00e4yt\u00f6iss\u00e4. Mukana tulee mikrokuituliina tietokoneen n\u00e4yt\u00f6n ja suojasuodattimen puhdistamiseen.<br \/>\nT\u00e4m\u00e4 yksityisyyssuodatin on tarkoitettu 12,5&quot; n\u00e4yt\u00f6ille, joiden mitat ovat 277 x 156 mm \/ 10,9&quot; x 6,1&quot; (LxK). Yksityisyyssuodattimen mitat ovat 277 x 165 mm.<\/p>","protected":false},"excerpt":{"rendered":"<p>Yksityisyyssuodatin magneettikiinnikkeell\u00e4, joka suojaa tietokoneesi n\u00e4yt\u00f6n yksityisyytt\u00e4 luvattomilta katseilta. Toimitetaan k\u00e4yt\u00e4nn\u00f6llisess\u00e4 s\u00e4ilytystaskussa. 12,5&quot; n\u00e4yt\u00f6ille.<\/p>","protected":false},"featured_media":133516,"template":"","meta":{"_acf_changed":false},"product_brand":[],"product_cat":[4241,4242],"product_tag":[4394],"class_list":{"0":"post-116654","1":"product","2":"type-product","3":"status-publish","4":"has-post-thumbnail","6":"product_cat-datortillbehor","7":"product_cat-sekretessfilter","8":"product_tag-antracitgra","9":"product_shipping_class-tunga-paket","10":"pa_brands-durable","11":"pa_farg-antracitgra","12":"tm-no-options","14":"first","15":"instock","16":"sale","17":"taxable","18":"shipping-taxable","19":"purchasable","20":"product-type-simple"},"acf":[],"_links":{"self":[{"href":"https:\/\/secureus.se\/fi\/wp-json\/wp\/v2\/product\/116654","targetHints":{"allow":["GET"]}}],"collection":[{"href":"https:\/\/secureus.se\/fi\/wp-json\/wp\/v2\/product"}],"about":[{"href":"https:\/\/secureus.se\/fi\/wp-json\/wp\/v2\/types\/product"}],"wp:featuredmedia":[{"embeddable":true,"href":"https:\/\/secureus.se\/fi\/wp-json\/wp\/v2\/media\/133516"}],"wp:attachment":[{"href":"https:\/\/secureus.se\/fi\/wp-json\/wp\/v2\/media?parent=116654"}],"wp:term":[{"taxonomy":"product_brand","embeddable":true,"href":"https:\/\/secureus.se\/fi\/wp-json\/wp\/v2\/product_brand?post=116654"},{"taxonomy":"product_cat","embeddable":true,"href":"https:\/\/secureus.se\/fi\/wp-json\/wp\/v2\/product_cat?post=116654"},{"taxonomy":"product_tag","embeddable":true,"href":"https:\/\/secureus.se\/fi\/wp-json\/wp\/v2\/product_tag?post=116654"}],"curies":[{"name":"wp","href":"https:\/\/api.w.org\/{rel}","templated":true}]}}