{"id":116685,"date":"2024-11-05T17:02:24","date_gmt":"2024-11-05T16:02:24","guid":{"rendered":"https:\/\/secureus.se\/?post_type=product&#038;p=116685"},"modified":"2026-01-12T12:04:31","modified_gmt":"2026-01-12T11:04:31","slug":"varseldekal-forbjudet-for-gaende","status":"publish","type":"product","link":"https:\/\/secureus.se\/fi\/varseldekal-forbjudet-for-gaende\/","title":{"rendered":"Varoitustarra &quot;Jalankulkijoilta kielletty&quot;"},"content":{"rendered":"<p>Itsekiinnittyv\u00e4 iso lattiatarra &quot;Kielletty jalankulkijoilta&quot; kertoo vierailijoille ja henkil\u00f6kunnalle selke\u00e4sti nykyisest\u00e4 jalankulkijakiellosta ja luo turvallisemman ty\u00f6ymp\u00e4rist\u00f6n, jossa tapaturmariski on pienempi. Kiinnittyy puhtaisiin ja kuiviin betonilattioihin. Kest\u00e4v\u00e4 ja kest\u00e4v\u00e4, liukastumisenestoluokitus R9 DIN 51130 mukaisesti. Kilvet t\u00e4ytt\u00e4v\u00e4t ISO 7010 vaatimukset.<br \/>\nMitat: \u00d8 430 mm, paksuus 0,4 mm<\/p>","protected":false},"excerpt":{"rendered":"<p>Itsekiinnittyv\u00e4 kieltokyltti lattiamaalaukseen. Ilmoittaa selke\u00e4sti, ett\u00e4 alueella ei saa k\u00e4vell\u00e4 ja edist\u00e4\u00e4 turvallisuutta ja riskitietoisuutta.<\/p>","protected":false},"featured_media":136927,"template":"","meta":{"_acf_changed":false},"product_brand":[],"product_cat":[4307],"product_tag":[4389],"class_list":{"0":"post-116685","1":"product","2":"type-product","3":"status-publish","4":"has-post-thumbnail","6":"product_cat-sakerhetsmarkning","7":"product_tag-rod","8":"product_shipping_class-tunga-paket","9":"pa_brands-durable","10":"pa_farg-rod","11":"tm-no-options","13":"first","14":"instock","15":"sale","16":"taxable","17":"shipping-taxable","18":"purchasable","19":"product-type-simple"},"acf":[],"_links":{"self":[{"href":"https:\/\/secureus.se\/fi\/wp-json\/wp\/v2\/product\/116685","targetHints":{"allow":["GET"]}}],"collection":[{"href":"https:\/\/secureus.se\/fi\/wp-json\/wp\/v2\/product"}],"about":[{"href":"https:\/\/secureus.se\/fi\/wp-json\/wp\/v2\/types\/product"}],"wp:featuredmedia":[{"embeddable":true,"href":"https:\/\/secureus.se\/fi\/wp-json\/wp\/v2\/media\/136927"}],"wp:attachment":[{"href":"https:\/\/secureus.se\/fi\/wp-json\/wp\/v2\/media?parent=116685"}],"wp:term":[{"taxonomy":"product_brand","embeddable":true,"href":"https:\/\/secureus.se\/fi\/wp-json\/wp\/v2\/product_brand?post=116685"},{"taxonomy":"product_cat","embeddable":true,"href":"https:\/\/secureus.se\/fi\/wp-json\/wp\/v2\/product_cat?post=116685"},{"taxonomy":"product_tag","embeddable":true,"href":"https:\/\/secureus.se\/fi\/wp-json\/wp\/v2\/product_tag?post=116685"}],"curies":[{"name":"wp","href":"https:\/\/api.w.org\/{rel}","templated":true}]}}