{"id":116709,"date":"2024-12-07T15:21:16","date_gmt":"2024-12-07T14:21:16","guid":{"rendered":"https:\/\/secureus.se\/?post_type=product&#038;p=116709"},"modified":"2025-12-31T21:22:24","modified_gmt":"2025-12-31T20:22:24","slug":"sherpa-floor-10","status":"publish","type":"product","link":"https:\/\/secureus.se\/fi\/sherpa-floor-10\/","title":{"rendered":"SHERPA\u00ae FLOOR 10"},"content":{"rendered":"<p>Tieto- ja esittelytelineet, joilla on monia eri nimi\u00e4; paneeli, n\u00e4ytt\u00f6, yleiskuvausj\u00e4rjestelm\u00e4, siipirekisteri, asiakirjateline, lat dog.... Nimest\u00e4 riippumatta sill\u00e4 on monia k\u00e4ytt\u00f6tarkoituksia toimistoissa, kaupoissa ja n\u00e4yttelyiss\u00e4 jne. Usein k\u00e4ytetty tieto on nopeasti l\u00f6ydett\u00e4viss\u00e4 ja helposti n\u00e4ht\u00e4viss\u00e4 yleiskatsausj\u00e4rjestelm\u00e4ss\u00e4. SHERPA\u00ae FLOOR on t\u00e4ydellinen lattiateline, jossa on 10 heijastamatonta, skannattavaa polypropeenimuovitaskua (musta) A4-kokoisille asiakirjoille ja irrotettavat 58 mm:n otsikkopidikkeet. Taskuja asetettaessa ja irrotettaessa taskua on hyv\u00e4 taivuttaa hieman varovasti keskelt\u00e4 pitk\u00e4\u00e4 sis\u00e4sivua pitkin, jolloin tasku on helppo laittaa paikalleen ja poistaa pitimen piikkej\u00e4 vahingoittamatta. Raskas pohja tekee telineest\u00e4 vakaan. S\u00e4\u00e4dett\u00e4v\u00e4 korkeus 87 - 138 cm, voidaan kallistaa yl\u00f6s tai alas lukukulman s\u00e4\u00e4t\u00e4miseksi 5\u00b0 - 90\u00b0. 5 vuoden takuu. Takuuehdot l\u00f6ytyv\u00e4t t\u00e4\u00e4lt\u00e4: https:\/\/www.durable.se\/sv_SE\/service\/garanti\/garanti-foer-sherpa-vario\/<\/p>","protected":false},"excerpt":{"rendered":"<p>T\u00e4ydellinen lattiateline, jossa on 10 vieritett\u00e4v\u00e4\u00e4 paneelia, jotta usein k\u00e4ytetyt tiedot ovat nopeasti ja selke\u00e4sti k\u00e4sill\u00e4. <\/p>","protected":false},"featured_media":135662,"template":"","meta":{"_acf_changed":false},"product_brand":[],"product_cat":[4298],"product_tag":[4381],"class_list":{"0":"post-116709","1":"product","2":"type-product","3":"status-publish","4":"has-post-thumbnail","6":"product_cat-bladderstall-bord","7":"product_tag-svart","8":"product_shipping_class-tunga-paket","9":"pa_brands-durable","10":"pa_farg-svart","11":"tm-no-options","13":"first","14":"instock","15":"sale","16":"taxable","17":"shipping-taxable","18":"purchasable","19":"product-type-simple"},"acf":[],"_links":{"self":[{"href":"https:\/\/secureus.se\/fi\/wp-json\/wp\/v2\/product\/116709","targetHints":{"allow":["GET"]}}],"collection":[{"href":"https:\/\/secureus.se\/fi\/wp-json\/wp\/v2\/product"}],"about":[{"href":"https:\/\/secureus.se\/fi\/wp-json\/wp\/v2\/types\/product"}],"wp:featuredmedia":[{"embeddable":true,"href":"https:\/\/secureus.se\/fi\/wp-json\/wp\/v2\/media\/135662"}],"wp:attachment":[{"href":"https:\/\/secureus.se\/fi\/wp-json\/wp\/v2\/media?parent=116709"}],"wp:term":[{"taxonomy":"product_brand","embeddable":true,"href":"https:\/\/secureus.se\/fi\/wp-json\/wp\/v2\/product_brand?post=116709"},{"taxonomy":"product_cat","embeddable":true,"href":"https:\/\/secureus.se\/fi\/wp-json\/wp\/v2\/product_cat?post=116709"},{"taxonomy":"product_tag","embeddable":true,"href":"https:\/\/secureus.se\/fi\/wp-json\/wp\/v2\/product_tag?post=116709"}],"curies":[{"name":"wp","href":"https:\/\/api.w.org\/{rel}","templated":true}]}}