{"id":116717,"date":"2024-11-05T17:01:48","date_gmt":"2024-11-05T16:01:48","guid":{"rendered":"https:\/\/secureus.se\/?post_type=product&#038;p=116717"},"modified":"2026-02-02T14:41:49","modified_gmt":"2026-02-02T13:41:49","slug":"varseldekal-varning-for-truckar","status":"publish","type":"product","link":"https:\/\/secureus.se\/fi\/varseldekal-varning-for-truckar\/","title":{"rendered":"Varoitustarra &quot;Varoitus trukkeista&quot;"},"content":{"rendered":"<p>Itsekiinnittyv\u00e4 iso lattiatarra &quot;Varoitus kuorma-autolle&quot; kehottaa selv\u00e4sti vierailijoita ja henkil\u00f6kuntaa katsomaan tarkasti alueella liikkuessaan onnettomuusriskin v\u00e4hent\u00e4miseksi. Kiinnittyy puhtaisiin ja kuiviin betonilattioihin. Kest\u00e4v\u00e4 ja kest\u00e4v\u00e4, liukastumisenestoluokitus R9 DIN 51130 mukaisesti. Kilvet t\u00e4ytt\u00e4v\u00e4t ISO 7010 vaatimukset.<br \/>\nMitat: \u00d8 430 mm, paksuus 0,4 mm<\/p>","protected":false},"excerpt":{"rendered":"<p>Itsekiinnittyv\u00e4 varoituskyltti lattiamaalaukseen. Varoittaa selke\u00e4sti vierailijoita ja henkil\u00f6kuntaa varomaan kuorma-autoliikennett\u00e4 turvallisemman ty\u00f6ymp\u00e4rist\u00f6n vuoksi.<\/p>","protected":false},"featured_media":136012,"template":"","meta":{"_acf_changed":false},"product_brand":[],"product_cat":[4307],"product_tag":[4395],"class_list":{"0":"post-116717","1":"product","2":"type-product","3":"status-publish","4":"has-post-thumbnail","6":"product_cat-sakerhetsmarkning","7":"product_tag-gul","8":"product_shipping_class-tunga-paket","9":"pa_brands-durable","10":"pa_farg-gul","11":"tm-no-options","13":"first","14":"instock","15":"sale","16":"taxable","17":"shipping-taxable","18":"purchasable","19":"product-type-simple"},"acf":[],"_links":{"self":[{"href":"https:\/\/secureus.se\/fi\/wp-json\/wp\/v2\/product\/116717","targetHints":{"allow":["GET"]}}],"collection":[{"href":"https:\/\/secureus.se\/fi\/wp-json\/wp\/v2\/product"}],"about":[{"href":"https:\/\/secureus.se\/fi\/wp-json\/wp\/v2\/types\/product"}],"wp:featuredmedia":[{"embeddable":true,"href":"https:\/\/secureus.se\/fi\/wp-json\/wp\/v2\/media\/136012"}],"wp:attachment":[{"href":"https:\/\/secureus.se\/fi\/wp-json\/wp\/v2\/media?parent=116717"}],"wp:term":[{"taxonomy":"product_brand","embeddable":true,"href":"https:\/\/secureus.se\/fi\/wp-json\/wp\/v2\/product_brand?post=116717"},{"taxonomy":"product_cat","embeddable":true,"href":"https:\/\/secureus.se\/fi\/wp-json\/wp\/v2\/product_cat?post=116717"},{"taxonomy":"product_tag","embeddable":true,"href":"https:\/\/secureus.se\/fi\/wp-json\/wp\/v2\/product_tag?post=116717"}],"curies":[{"name":"wp","href":"https:\/\/api.w.org\/{rel}","templated":true}]}}