{"id":116741,"date":"2024-11-05T17:00:38","date_gmt":"2024-11-05T16:00:38","guid":{"rendered":"https:\/\/secureus.se\/?post_type=product&#038;p=116741"},"modified":"2026-01-12T12:56:44","modified_gmt":"2026-01-12T11:56:44","slug":"hornskydd-c25r","status":"publish","type":"product","link":"https:\/\/secureus.se\/fi\/hornskydd-c25r\/","title":{"rendered":"Kulmasuoja C25R"},"content":{"rendered":"<p>Varoitus- ja suojaprofiileja, kuten t\u00e4t\u00e4 kulmasuojausta, k\u00e4ytet\u00e4\u00e4n teollisuudessa ja muissa sis\u00e4ymp\u00e4rist\u00f6iss\u00e4 suojaamaan ihmisi\u00e4, ajoneuvoja ja kalusteita kevyiss\u00e4 t\u00f6rm\u00e4yksiss\u00e4. Mustat\/keltaiset raidat varoittavat ter\u00e4vist\u00e4 kulmista ja polyuretaanivaahto, josta suojaprofiili on valmistettu, on iskuja vaimentava. Itseliimautuva kulmasuoja leikataan haluttuun pituuteen ter\u00e4v\u00e4ll\u00e4 veitsell\u00e4. Vahva, hyv\u00e4laatuinen itseliimautuva liimapinta, joka kiinnittyy mm. metalliin, puuhun, pahviin ja laattoihin parhaiten, jos l\u00e4mp\u00f6tila on 10-30\u00b0C. ASR A1.3:n mukaiset v\u00e4ris\u00e4vyt, jotka vastaavat RAL 1004\/9003:a (signaalinkeltainen\/signaalimusta).<br \/>\nTestattu paloluokituksen DIN EN 13501-1 luokan E mukaan.<br \/>\nKest\u00e4\u00e4 l\u00e4mp\u00f6tilaa -30\u00b0C \u2013 +70\u00b0C.<br \/>\nPituus 1 m. Liimapinnan pituus 25 + 25 mm, ulkohalkaisija 40 mm<\/p>","protected":false},"excerpt":{"rendered":"<p>Itsekiinnittyv\u00e4 kulmasuoja iskuja vaimentavalla vaikutuksella. Mustat\/keltaiset raidat varoittavat ja kiinnitt\u00e4v\u00e4t huomion mahdollisista riskeist\u00e4.<\/p>","protected":false},"featured_media":136963,"template":"","meta":{"_acf_changed":false},"product_brand":[],"product_cat":[4239],"product_tag":[4386],"class_list":{"0":"post-116741","1":"product","2":"type-product","3":"status-publish","4":"has-post-thumbnail","6":"product_cat-varnings-skyddsprofiler","7":"product_tag-gul-svart","8":"product_shipping_class-tunga-paket","9":"pa_brands-durable","10":"pa_farg-gul-svart","11":"tm-no-options","13":"first","14":"instock","15":"sale","16":"taxable","17":"shipping-taxable","18":"purchasable","19":"product-type-simple"},"acf":[],"_links":{"self":[{"href":"https:\/\/secureus.se\/fi\/wp-json\/wp\/v2\/product\/116741","targetHints":{"allow":["GET"]}}],"collection":[{"href":"https:\/\/secureus.se\/fi\/wp-json\/wp\/v2\/product"}],"about":[{"href":"https:\/\/secureus.se\/fi\/wp-json\/wp\/v2\/types\/product"}],"wp:featuredmedia":[{"embeddable":true,"href":"https:\/\/secureus.se\/fi\/wp-json\/wp\/v2\/media\/136963"}],"wp:attachment":[{"href":"https:\/\/secureus.se\/fi\/wp-json\/wp\/v2\/media?parent=116741"}],"wp:term":[{"taxonomy":"product_brand","embeddable":true,"href":"https:\/\/secureus.se\/fi\/wp-json\/wp\/v2\/product_brand?post=116741"},{"taxonomy":"product_cat","embeddable":true,"href":"https:\/\/secureus.se\/fi\/wp-json\/wp\/v2\/product_cat?post=116741"},{"taxonomy":"product_tag","embeddable":true,"href":"https:\/\/secureus.se\/fi\/wp-json\/wp\/v2\/product_tag?post=116741"}],"curies":[{"name":"wp","href":"https:\/\/api.w.org\/{rel}","templated":true}]}}