{"id":116786,"date":"2024-11-20T14:11:39","date_gmt":"2024-11-20T13:11:39","guid":{"rendered":"https:\/\/secureus.se\/?post_type=product&#038;p=116786"},"modified":"2026-01-12T12:03:28","modified_gmt":"2026-01-12T11:03:28","slug":"magnetband-40-mm","status":"publish","type":"product","link":"https:\/\/secureus.se\/fi\/magnetband-40-mm\/","title":{"rendered":"Magneettinauha 40 mm"},"content":{"rendered":"<p>Tee omat magneettitarrat tarvittavan kokoisena magneettisten hyllyjen reunojen, ovien ja kaappien merkitsemiseen. Helppo siirt\u00e4\u00e4, kun tavarat vaihtavat varastopaikkaa, jotta merkinn\u00e4t ovat aina ajan tasalla. Rulla 5 m magneettimerkint\u00e4teippi\u00e4, joka voidaan leikata haluttuun pituuteen isoilla saksilla. K\u00e4yt\u00e4 pysyv\u00e4\u00e4 merkki\u00e4 kirjoittaaksesi magneettinauhalle.<br \/>\nMitat: 40 mm x 5 m (K x L)<\/p>","protected":false},"excerpt":{"rendered":"<p>Magneettinauha rullalla. Voidaan leikata haluttuun pituuteen ja kirjoittaa pysyv\u00e4ll\u00e4 tussilla. Kirjoituskorkeus 4 cm, pituus 5 m<\/p>","protected":false},"featured_media":133613,"template":"","meta":{"_acf_changed":false},"product_brand":[],"product_cat":[4269],"product_tag":[4396],"class_list":{"0":"post-116786","1":"product","2":"type-product","3":"status-publish","4":"has-post-thumbnail","6":"product_cat-magnetisk-fastsattning","7":"product_tag-vit","8":"product_shipping_class-tunga-paket","9":"pa_brands-durable","10":"pa_farg-vit","11":"tm-no-options","13":"first","14":"instock","15":"sale","16":"taxable","17":"shipping-taxable","18":"purchasable","19":"product-type-simple"},"acf":[],"_links":{"self":[{"href":"https:\/\/secureus.se\/fi\/wp-json\/wp\/v2\/product\/116786","targetHints":{"allow":["GET"]}}],"collection":[{"href":"https:\/\/secureus.se\/fi\/wp-json\/wp\/v2\/product"}],"about":[{"href":"https:\/\/secureus.se\/fi\/wp-json\/wp\/v2\/types\/product"}],"wp:featuredmedia":[{"embeddable":true,"href":"https:\/\/secureus.se\/fi\/wp-json\/wp\/v2\/media\/133613"}],"wp:attachment":[{"href":"https:\/\/secureus.se\/fi\/wp-json\/wp\/v2\/media?parent=116786"}],"wp:term":[{"taxonomy":"product_brand","embeddable":true,"href":"https:\/\/secureus.se\/fi\/wp-json\/wp\/v2\/product_brand?post=116786"},{"taxonomy":"product_cat","embeddable":true,"href":"https:\/\/secureus.se\/fi\/wp-json\/wp\/v2\/product_cat?post=116786"},{"taxonomy":"product_tag","embeddable":true,"href":"https:\/\/secureus.se\/fi\/wp-json\/wp\/v2\/product_tag?post=116786"}],"curies":[{"name":"wp","href":"https:\/\/api.w.org\/{rel}","templated":true}]}}