{"id":116792,"date":"2024-11-05T17:25:08","date_gmt":"2024-11-05T16:25:08","guid":{"rendered":"https:\/\/secureus.se\/?post_type=product&#038;p=116792"},"modified":"2026-01-12T12:38:12","modified_gmt":"2026-01-12T11:38:12","slug":"sherpa-swing-arm-10","status":"publish","type":"product","link":"https:\/\/secureus.se\/fi\/sherpa-swing-arm-10\/","title":{"rendered":"SHERPA\u00ae KEINUVARSI 10"},"content":{"rendered":"<p>3-nivel alumiinivarsi SHERPA\u00ae KEINUVARSI 10 paneelille A4-muodossa. Varsi on k\u00e4\u00e4nnett\u00e4viss\u00e4 360\u00b0, varren pituus 316 \u2013 714 mm. Nuppi lukitsee kolme nivelt\u00e4 haluttuun asentoon. Paneelikiinnike voidaan k\u00e4\u00e4nt\u00e4\u00e4 oikealle ja vasemmalle, ja sit\u00e4 voidaan k\u00e4\u00e4nt\u00e4\u00e4 k\u00e4ytett\u00e4v\u00e4ksi pysty- tai vaakamuodossa. Asennetaan p\u00f6yd\u00e4n reunaan (rako 19-74 mm). Taskut (kehykset, paneelit) tilataan erikseen. 5 vuoden takuu. Takuuehdot l\u00f6ytyv\u00e4t t\u00e4\u00e4lt\u00e4: https:\/\/www.durable.se\/sv_SE\/service\/garanti\/garanti-foer-sherpa-vario\/<br \/>\nTarvikkeet: SHERPA\u00b0PANEL tuotenumero 5606 eri v\u00e4reiss\u00e4. Otsikkoteline 560919 tai 560319. <\/p>","protected":false},"excerpt":{"rendered":"<p>Nivelletty p\u00f6yt\u00e4varsi 10 paneelille A4-muodossa. K\u00e4\u00e4ntyv\u00e4 varsi, kallistettava ja py\u00f6ritett\u00e4v\u00e4 paneeliteline. Toimitetaan ilman paneeleita.<\/p>","protected":false},"featured_media":135313,"template":"","meta":{"_acf_changed":false},"product_brand":[],"product_cat":[4298],"product_tag":[4393],"class_list":{"0":"post-116792","1":"product","2":"type-product","3":"status-publish","4":"has-post-thumbnail","6":"product_cat-bladderstall-bord","7":"product_tag-gra","8":"product_shipping_class-tunga-paket","9":"pa_brands-durable","10":"pa_farg-gra","11":"tm-no-options","13":"first","14":"instock","15":"sale","16":"taxable","17":"shipping-taxable","18":"purchasable","19":"product-type-simple"},"acf":[],"_links":{"self":[{"href":"https:\/\/secureus.se\/fi\/wp-json\/wp\/v2\/product\/116792","targetHints":{"allow":["GET"]}}],"collection":[{"href":"https:\/\/secureus.se\/fi\/wp-json\/wp\/v2\/product"}],"about":[{"href":"https:\/\/secureus.se\/fi\/wp-json\/wp\/v2\/types\/product"}],"wp:featuredmedia":[{"embeddable":true,"href":"https:\/\/secureus.se\/fi\/wp-json\/wp\/v2\/media\/135313"}],"wp:attachment":[{"href":"https:\/\/secureus.se\/fi\/wp-json\/wp\/v2\/media?parent=116792"}],"wp:term":[{"taxonomy":"product_brand","embeddable":true,"href":"https:\/\/secureus.se\/fi\/wp-json\/wp\/v2\/product_brand?post=116792"},{"taxonomy":"product_cat","embeddable":true,"href":"https:\/\/secureus.se\/fi\/wp-json\/wp\/v2\/product_cat?post=116792"},{"taxonomy":"product_tag","embeddable":true,"href":"https:\/\/secureus.se\/fi\/wp-json\/wp\/v2\/product_tag?post=116792"}],"curies":[{"name":"wp","href":"https:\/\/api.w.org\/{rel}","templated":true}]}}