{"id":116814,"date":"2024-11-05T17:24:43","date_gmt":"2024-11-05T16:24:43","guid":{"rendered":"https:\/\/secureus.se\/?post_type=product&#038;p=116814"},"modified":"2026-01-12T12:35:56","modified_gmt":"2026-01-12T11:35:56","slug":"sherpa-table-20","status":"publish","type":"product","link":"https:\/\/secureus.se\/fi\/sherpa-table-20\/","title":{"rendered":"SHERPA\u00ae-TAULUKKO 20"},"content":{"rendered":"<p>Tieto- ja esittelytelineet, joilla on monia eri nimi\u00e4; paneeli, n\u00e4ytt\u00f6, yleiskuvausj\u00e4rjestelm\u00e4, siipirekisteri, PLU-pidike, asiakirjateline, lat dog.... Nimest\u00e4 riippumatta sill\u00e4 on monia k\u00e4ytt\u00f6tarkoituksia toimistoissa, kaupoissa, keitti\u00f6iss\u00e4, kassoilla, n\u00e4yttelyiss\u00e4 jne. Usein k\u00e4ytetty tieto tallennetaan, l\u00f6ydet\u00e4\u00e4n nopeasti ja on helposti katseltavissa yleiskatsausj\u00e4rjestelm\u00e4\u00e4n. SHERPA\u00ae TABLE on t\u00e4ydellinen p\u00f6yt\u00e4teline, jossa on 20 heijastamatonta, skannattavaa polypropeenimuovitaskua (10 harmaata ja 10 mustaa) A4-kokoisille asiakirjoille. Voidaan laajentaa yhdell\u00e4 tai useammalla laajennusosalla kapasiteetin lis\u00e4\u00e4miseksi. Mukana irrotettava 58 mm:n otsikkoteline. Taskuja asetettaessa ja irrotettaessa taskua on hyv\u00e4 taivuttaa hieman varovasti keskelt\u00e4 pitk\u00e4\u00e4 sis\u00e4sivua pitkin, jolloin tasku on helppo laittaa paikalleen ja poistaa pitimen piikkej\u00e4 vahingoittamatta. Suuret kumijalat varmistavat, ett\u00e4 se seisoo tukevasti. 5 vuoden takuu. Takuuehdot l\u00f6ytyv\u00e4t t\u00e4\u00e4lt\u00e4: https:\/\/www.durable.se\/sv_SE\/service\/garanti\/garanti-foer-sherpa-vario\/<br \/>\nLis\u00e4varusteet: Laajennusosa 562457 (ilman taskuja) tai 581122 (taskuilla)<\/p>","protected":false},"excerpt":{"rendered":"<p>T\u00e4ydellinen p\u00f6yt\u00e4teline, jossa on 20 vieritett\u00e4v\u00e4\u00e4 paneelia, jotta usein k\u00e4ytetyt tiedot ovat nopeasti ja selke\u00e4sti k\u00e4sill\u00e4. <\/p>","protected":false},"featured_media":135830,"template":"","meta":{"_acf_changed":false},"product_brand":[],"product_cat":[4298],"product_tag":[4409],"class_list":{"0":"post-116814","1":"product","2":"type-product","3":"status-publish","4":"has-post-thumbnail","6":"product_cat-bladderstall-bord","7":"product_tag-svart-gra","8":"product_shipping_class-tunga-paket","9":"pa_brands-durable","10":"pa_farg-svart-gra","11":"tm-no-options","13":"first","14":"instock","15":"sale","16":"taxable","17":"shipping-taxable","18":"purchasable","19":"product-type-simple"},"acf":[],"_links":{"self":[{"href":"https:\/\/secureus.se\/fi\/wp-json\/wp\/v2\/product\/116814","targetHints":{"allow":["GET"]}}],"collection":[{"href":"https:\/\/secureus.se\/fi\/wp-json\/wp\/v2\/product"}],"about":[{"href":"https:\/\/secureus.se\/fi\/wp-json\/wp\/v2\/types\/product"}],"wp:featuredmedia":[{"embeddable":true,"href":"https:\/\/secureus.se\/fi\/wp-json\/wp\/v2\/media\/135830"}],"wp:attachment":[{"href":"https:\/\/secureus.se\/fi\/wp-json\/wp\/v2\/media?parent=116814"}],"wp:term":[{"taxonomy":"product_brand","embeddable":true,"href":"https:\/\/secureus.se\/fi\/wp-json\/wp\/v2\/product_brand?post=116814"},{"taxonomy":"product_cat","embeddable":true,"href":"https:\/\/secureus.se\/fi\/wp-json\/wp\/v2\/product_cat?post=116814"},{"taxonomy":"product_tag","embeddable":true,"href":"https:\/\/secureus.se\/fi\/wp-json\/wp\/v2\/product_tag?post=116814"}],"curies":[{"name":"wp","href":"https:\/\/api.w.org\/{rel}","templated":true}]}}