{"id":116835,"date":"2024-11-05T17:24:35","date_gmt":"2024-11-05T16:24:35","guid":{"rendered":"https:\/\/secureus.se\/?post_type=product&#038;p=116835"},"modified":"2026-01-12T12:37:57","modified_gmt":"2026-01-12T11:37:57","slug":"sherpa-table-module-10","status":"publish","type":"product","link":"https:\/\/secureus.se\/fi\/sherpa-table-module-10\/","title":{"rendered":"SHERPA\u00ae P\u00d6YT\u00c4 MODUULI 10"},"content":{"rendered":"<p>P\u00f6yt\u00e4teline SHERPA\u00ae 10 paneelille. Suuret kumijalat varmistavat, ett\u00e4 jalusta seisoo tukevasti. Voidaan laajentaa yhdell\u00e4 tai useammalla laajennusosalla kapasiteetin lis\u00e4\u00e4miseksi. Taskut (kehykset, paneelit) tilataan erikseen. 5 vuoden takuu. Takuuehdot l\u00f6ytyv\u00e4t t\u00e4\u00e4lt\u00e4: https:\/\/www.durable.se\/sv_SE\/service\/garanti\/garanti-foer-sherpa-vario\/<br \/>\nTarvikkeet: SHERPA\u00b0PANEL tuotenumero 5606 eri v\u00e4reiss\u00e4. Otsikkoteline 560919 tai 560319. Jatkeosa 562457 (ilman taskuja) tai 581122 (taskuilla)<\/p>","protected":false},"excerpt":{"rendered":"<p>Tyhj\u00e4 p\u00f6yt\u00e4teline SHERPA\u00ae 10 paneelille A4.<\/p>","protected":false},"featured_media":135842,"template":"","meta":{"_acf_changed":false},"product_brand":[],"product_cat":[4298],"product_tag":[4394],"class_list":{"0":"post-116835","1":"product","2":"type-product","3":"status-publish","4":"has-post-thumbnail","6":"product_cat-bladderstall-bord","7":"product_tag-antracitgra","8":"product_shipping_class-tunga-paket","9":"pa_brands-durable","10":"pa_farg-antracitgra","11":"tm-no-options","13":"first","14":"instock","15":"sale","16":"taxable","17":"shipping-taxable","18":"purchasable","19":"product-type-simple"},"acf":[],"_links":{"self":[{"href":"https:\/\/secureus.se\/fi\/wp-json\/wp\/v2\/product\/116835","targetHints":{"allow":["GET"]}}],"collection":[{"href":"https:\/\/secureus.se\/fi\/wp-json\/wp\/v2\/product"}],"about":[{"href":"https:\/\/secureus.se\/fi\/wp-json\/wp\/v2\/types\/product"}],"wp:featuredmedia":[{"embeddable":true,"href":"https:\/\/secureus.se\/fi\/wp-json\/wp\/v2\/media\/135842"}],"wp:attachment":[{"href":"https:\/\/secureus.se\/fi\/wp-json\/wp\/v2\/media?parent=116835"}],"wp:term":[{"taxonomy":"product_brand","embeddable":true,"href":"https:\/\/secureus.se\/fi\/wp-json\/wp\/v2\/product_brand?post=116835"},{"taxonomy":"product_cat","embeddable":true,"href":"https:\/\/secureus.se\/fi\/wp-json\/wp\/v2\/product_cat?post=116835"},{"taxonomy":"product_tag","embeddable":true,"href":"https:\/\/secureus.se\/fi\/wp-json\/wp\/v2\/product_tag?post=116835"}],"curies":[{"name":"wp","href":"https:\/\/api.w.org\/{rel}","templated":true}]}}