{"id":116853,"date":"2024-11-20T14:11:58","date_gmt":"2024-11-20T13:11:58","guid":{"rendered":"https:\/\/secureus.se\/?post_type=product&#038;p=116853"},"modified":"2026-01-12T12:47:34","modified_gmt":"2026-01-12T11:47:34","slug":"namnskylt-40x75-krokodilklamma","status":"publish","type":"product","link":"https:\/\/secureus.se\/fi\/namnskylt-40x75-krokodilklamma\/","title":{"rendered":"Nimikilpi 40\u00d775, krokotiiliklipsi"},"content":{"rendered":"<p>Konferenssin osallistujat, yritysten vierailijat, henkil\u00f6kunta messuilla, myym\u00e4l\u00f6iss\u00e4, palveluammatit ja myyj\u00e4t - listaa voi laajentaa sinne, miss\u00e4 tarvitaan erikokoisia, -mallisia ja -kiinnitysvaihtoehtoja. T\u00e4m\u00e4n 40x75mm-muodon vahva krokotiiliklipsi on k\u00e4\u00e4nnett\u00e4viss\u00e4 360\u00b0, mik\u00e4 tarkoittaa, ett\u00e4 se voidaan kiinnitt\u00e4\u00e4 esimerkiksi k\u00e4\u00e4nteisiin ja solmioihin istumatta vinossa. Nimikilpi voidaan my\u00f6s painaa alas rintataskun reunasta siten, ett\u00e4 itse nimikilpi on n\u00e4kyviss\u00e4 ja takaosa taskun sis\u00e4puolella. Peukalokahva helpottaa kortin irrottamista. Mukana tulevat valkoiset etiketit nauhana. Tarrat A4-arkeille tulostettaviksi tulostimiin voidaan tilata erikseen. K\u00e4yt\u00e4 ilmaista DURAPRINT\u00ae-ohjelmaa osoitteesta www.duraprint.se luodaksesi ja tulostaaksesi tyylikk\u00e4it\u00e4 nimilappuja.<br \/>\nLis\u00e4varusteet:<br \/>\nBadgemaker\u00ae-tarrat A4-arkeille tulostettaviksi tulostimella, tuotenro 145302<\/p>","protected":false},"excerpt":{"rendered":"<p>Nimilappu, joka kiinnitet\u00e4\u00e4n krokotiilipidikkeell\u00e4. Huomaamaton mutta silti t\u00e4ysin n\u00e4kyv\u00e4 koko 40x75mm. 25 kpl\/laatikko<\/p>","protected":false},"featured_media":133655,"template":"","meta":{"_acf_changed":false},"product_brand":[],"product_cat":[4285],"product_tag":[4376],"class_list":{"0":"post-116853","1":"product","2":"type-product","3":"status-publish","4":"has-post-thumbnail","6":"product_cat-namnskyltar-med-klamma","7":"product_tag-transparent","8":"product_shipping_class-tunga-paket","9":"pa_brands-durable","10":"pa_farg-transparent","11":"tm-no-options","13":"first","14":"instock","15":"sale","16":"taxable","17":"shipping-taxable","18":"purchasable","19":"product-type-simple"},"acf":[],"_links":{"self":[{"href":"https:\/\/secureus.se\/fi\/wp-json\/wp\/v2\/product\/116853","targetHints":{"allow":["GET"]}}],"collection":[{"href":"https:\/\/secureus.se\/fi\/wp-json\/wp\/v2\/product"}],"about":[{"href":"https:\/\/secureus.se\/fi\/wp-json\/wp\/v2\/types\/product"}],"wp:featuredmedia":[{"embeddable":true,"href":"https:\/\/secureus.se\/fi\/wp-json\/wp\/v2\/media\/133655"}],"wp:attachment":[{"href":"https:\/\/secureus.se\/fi\/wp-json\/wp\/v2\/media?parent=116853"}],"wp:term":[{"taxonomy":"product_brand","embeddable":true,"href":"https:\/\/secureus.se\/fi\/wp-json\/wp\/v2\/product_brand?post=116853"},{"taxonomy":"product_cat","embeddable":true,"href":"https:\/\/secureus.se\/fi\/wp-json\/wp\/v2\/product_cat?post=116853"},{"taxonomy":"product_tag","embeddable":true,"href":"https:\/\/secureus.se\/fi\/wp-json\/wp\/v2\/product_tag?post=116853"}],"curies":[{"name":"wp","href":"https:\/\/api.w.org\/{rel}","templated":true}]}}