{"id":116854,"date":"2024-11-05T17:23:53","date_gmt":"2024-11-05T16:23:53","guid":{"rendered":"https:\/\/secureus.se\/?post_type=product&#038;p=116854"},"modified":"2026-01-12T12:37:50","modified_gmt":"2026-01-12T11:37:50","slug":"sherpa-wall-module-5","status":"publish","type":"product","link":"https:\/\/secureus.se\/fi\/sherpa-wall-module-5\/","title":{"rendered":"SHERPA\u00ae SEIN\u00c4MODUULI 5"},"content":{"rendered":"<p>Sein\u00e4teline SHERPA\u00ae 5 paneelille. Asennetaan sein\u00e4\u00e4n, mukana ruuvi ja tulppa. Voidaan yhdist\u00e4\u00e4 jalustaan SHERPA\u00ae # 5627. Taskut (kehykset, paneelit) tilataan erikseen. 5 vuoden takuu. Takuuehdot l\u00f6ytyv\u00e4t t\u00e4\u00e4lt\u00e4: https:\/\/www.durable.se\/sv_SE\/service\/garanti\/garanti-foer-sherpa-vario\/<br \/>\nTarvikkeet: SHERPA\u00b0PANEL tuotenumero 5606 eri v\u00e4reiss\u00e4. Otsikkoteline 560919 tai 560319<\/p>","protected":false},"excerpt":{"rendered":"<p>Tyhj\u00e4 sein\u00e4teline SHERPA\u00ae 5 paneelille A4.<\/p>","protected":false},"featured_media":135331,"template":"","meta":{"_acf_changed":false},"product_brand":[],"product_cat":[4299],"product_tag":[4393],"class_list":{"0":"post-116854","1":"product","2":"type-product","3":"status-publish","4":"has-post-thumbnail","6":"product_cat-bladderpanelsystem-vagg","7":"product_tag-gra","8":"product_shipping_class-tunga-paket","9":"pa_brands-durable","10":"pa_farg-gra","11":"tm-no-options","13":"first","14":"instock","15":"sale","16":"taxable","17":"shipping-taxable","18":"purchasable","19":"product-type-simple"},"acf":[],"_links":{"self":[{"href":"https:\/\/secureus.se\/fi\/wp-json\/wp\/v2\/product\/116854","targetHints":{"allow":["GET"]}}],"collection":[{"href":"https:\/\/secureus.se\/fi\/wp-json\/wp\/v2\/product"}],"about":[{"href":"https:\/\/secureus.se\/fi\/wp-json\/wp\/v2\/types\/product"}],"wp:featuredmedia":[{"embeddable":true,"href":"https:\/\/secureus.se\/fi\/wp-json\/wp\/v2\/media\/135331"}],"wp:attachment":[{"href":"https:\/\/secureus.se\/fi\/wp-json\/wp\/v2\/media?parent=116854"}],"wp:term":[{"taxonomy":"product_brand","embeddable":true,"href":"https:\/\/secureus.se\/fi\/wp-json\/wp\/v2\/product_brand?post=116854"},{"taxonomy":"product_cat","embeddable":true,"href":"https:\/\/secureus.se\/fi\/wp-json\/wp\/v2\/product_cat?post=116854"},{"taxonomy":"product_tag","embeddable":true,"href":"https:\/\/secureus.se\/fi\/wp-json\/wp\/v2\/product_tag?post=116854"}],"curies":[{"name":"wp","href":"https:\/\/api.w.org\/{rel}","templated":true}]}}