{"id":116860,"date":"2024-11-05T16:57:35","date_gmt":"2024-11-05T15:57:35","guid":{"rendered":"https:\/\/secureus.se\/?post_type=product&#038;p=116860"},"modified":"2026-01-12T12:00:50","modified_gmt":"2026-01-12T11:00:50","slug":"markeringstejp-duraline-basic-50-016-2","status":"publish","type":"product","link":"https:\/\/secureus.se\/fi\/markeringstejp-duraline-basic-50-016-2\/","title":{"rendered":"Merkint\u00e4teippi DURALINE\u00ae BASIC 50\/016"},"content":{"rendered":"<p>Itsekiinnittyv\u00e4 merkint\u00e4teippi, joka voidaan muotoilla ep\u00e4tasaisille pinnoille tai reunojen ja kulmien ymp\u00e4rille. Teipin kumiliima sen lis\u00e4ksi, ett\u00e4 se on muokattava, se on my\u00f6s helposti irrotettavissa j\u00e4tt\u00e4m\u00e4tt\u00e4 liimaj\u00e4\u00e4mi\u00e4, mik\u00e4 tekee siit\u00e4 t\u00e4ydellisen sek\u00e4 tilap\u00e4iseen ett\u00e4 pysyv\u00e4mp\u00e4\u00e4n pintojen ja esineiden merkint\u00e4\u00e4n. Sis\u00e4k\u00e4ytt\u00f6\u00f6n puhtaille, \u00f6ljytt\u00f6mille ja p\u00f6lytt\u00f6mille pinnoille. Varmista, ett\u00e4 lattiat, pilarit, kaiteet, oviaukot jne., jotka voivat aiheuttaa vaaran, ovat selke\u00e4sti merkittyj\u00e4 ja ymp\u00e4rill\u00e4 olevat henkil\u00f6t huomaavat ne oikein. Teippi on sile\u00e4, eik\u00e4 sill\u00e4 ole liukastumisenestoluokkaa. Mukana asennusohjeet. Leveys: 50 mm Paksuus: 0,16 mm Pituus: 33 m<\/p>","protected":false},"excerpt":{"rendered":"<p>Merkint\u00e4teippi merkitsee, v\u00e4rikoodaa ja kiinnitt\u00e4\u00e4 huomion esimerkiksi vaaroihin ja riskeihin sis\u00e4tiloissa<\/p>","protected":false},"featured_media":137050,"template":"","meta":{"_acf_changed":false},"product_brand":[],"product_cat":[4303],"product_tag":[4389],"class_list":{"0":"post-116860","1":"product","2":"type-product","3":"status-publish","4":"has-post-thumbnail","6":"product_cat-golvtejp","7":"product_tag-rod","8":"product_shipping_class-tunga-paket","9":"pa_brands-durable","10":"pa_farg-rod","11":"tm-no-options","13":"first","14":"instock","15":"sale","16":"taxable","17":"shipping-taxable","18":"purchasable","19":"product-type-simple"},"acf":[],"_links":{"self":[{"href":"https:\/\/secureus.se\/fi\/wp-json\/wp\/v2\/product\/116860","targetHints":{"allow":["GET"]}}],"collection":[{"href":"https:\/\/secureus.se\/fi\/wp-json\/wp\/v2\/product"}],"about":[{"href":"https:\/\/secureus.se\/fi\/wp-json\/wp\/v2\/types\/product"}],"wp:featuredmedia":[{"embeddable":true,"href":"https:\/\/secureus.se\/fi\/wp-json\/wp\/v2\/media\/137050"}],"wp:attachment":[{"href":"https:\/\/secureus.se\/fi\/wp-json\/wp\/v2\/media?parent=116860"}],"wp:term":[{"taxonomy":"product_brand","embeddable":true,"href":"https:\/\/secureus.se\/fi\/wp-json\/wp\/v2\/product_brand?post=116860"},{"taxonomy":"product_cat","embeddable":true,"href":"https:\/\/secureus.se\/fi\/wp-json\/wp\/v2\/product_cat?post=116860"},{"taxonomy":"product_tag","embeddable":true,"href":"https:\/\/secureus.se\/fi\/wp-json\/wp\/v2\/product_tag?post=116860"}],"curies":[{"name":"wp","href":"https:\/\/api.w.org\/{rel}","templated":true}]}}