{"id":116928,"date":"2024-11-05T16:46:42","date_gmt":"2024-11-05T15:46:42","guid":{"rendered":"https:\/\/secureus.se\/?post_type=product&#038;p=116928"},"modified":"2026-01-12T12:56:13","modified_gmt":"2026-01-12T11:56:13","slug":"surfplattehallare-tough-clamp","status":"publish","type":"product","link":"https:\/\/secureus.se\/fi\/surfplattehallare-tough-clamp\/","title":{"rendered":"Surffilaudan pidike TOUGH CLAMP"},"content":{"rendered":"<p>Lainelaudan pidike, joka voidaan asentaa hyllyille (max. 40 mm) tai putkille ja tankoille (\u00d8 15-40 mm), esim. puhdistus- tai s\u00e4ilytysvaunun kahvaan. Sopii tableteille kotelolla tai ilman, koko 7\u2033-13\u2033 (160-275 mm), paksuus max 23 mm. Ohjeita, ty\u00f6suunnitelmia ja muuta teollisuudelle, tuotantolaitoksille, siivousyrityksille jne. Telinett\u00e4, jonka kumip\u00e4\u00e4llysteiset pinnat suojaavat tablettia naarmuilta ja vaurioilta, voidaan k\u00e4\u00e4nt\u00e4\u00e4 360\u00b0.<br \/>\nTabletin enimm\u00e4ispaino 1 kg.<br \/>\nMitata: 130 x 177 x 82 mm (L x K x S)<\/p>","protected":false},"excerpt":{"rendered":"<p>Surffilaudan pidike kannakkeella hyllylle tai sauvalle. Sopii 7-13&quot; tableteille suojakuorella tai ilman. Taivutettava hanhenkaula ja pallonivel.<\/p>","protected":false},"featured_media":135807,"template":"","meta":{"_acf_changed":false},"product_brand":[],"product_cat":[4236],"product_tag":[4381],"class_list":{"0":"post-116928","1":"product","2":"type-product","3":"status-publish","4":"has-post-thumbnail","6":"product_cat-surfplattehallare","7":"product_tag-svart","8":"product_shipping_class-tunga-paket","9":"pa_brands-durable","10":"pa_farg-svart","11":"tm-no-options","13":"first","14":"instock","15":"sale","16":"taxable","17":"shipping-taxable","18":"purchasable","19":"product-type-simple"},"acf":[],"_links":{"self":[{"href":"https:\/\/secureus.se\/fi\/wp-json\/wp\/v2\/product\/116928","targetHints":{"allow":["GET"]}}],"collection":[{"href":"https:\/\/secureus.se\/fi\/wp-json\/wp\/v2\/product"}],"about":[{"href":"https:\/\/secureus.se\/fi\/wp-json\/wp\/v2\/types\/product"}],"wp:featuredmedia":[{"embeddable":true,"href":"https:\/\/secureus.se\/fi\/wp-json\/wp\/v2\/media\/135807"}],"wp:attachment":[{"href":"https:\/\/secureus.se\/fi\/wp-json\/wp\/v2\/media?parent=116928"}],"wp:term":[{"taxonomy":"product_brand","embeddable":true,"href":"https:\/\/secureus.se\/fi\/wp-json\/wp\/v2\/product_brand?post=116928"},{"taxonomy":"product_cat","embeddable":true,"href":"https:\/\/secureus.se\/fi\/wp-json\/wp\/v2\/product_cat?post=116928"},{"taxonomy":"product_tag","embeddable":true,"href":"https:\/\/secureus.se\/fi\/wp-json\/wp\/v2\/product_tag?post=116928"}],"curies":[{"name":"wp","href":"https:\/\/api.w.org\/{rel}","templated":true}]}}