{"id":116995,"date":"2024-11-05T16:54:48","date_gmt":"2024-11-05T15:54:48","guid":{"rendered":"https:\/\/secureus.se\/?post_type=product&#038;p=116995"},"modified":"2026-01-12T12:01:06","modified_gmt":"2026-01-12T11:01:06","slug":"pallficka-hard-cover-a4l","status":"publish","type":"product","link":"https:\/\/secureus.se\/fi\/pallficka-hard-cover-a4l\/","title":{"rendered":"Lavatasku KOVAKANSI A4L"},"content":{"rendered":"<p>Selke\u00e4t ja kattavat lavareunojen, kuormalavojen ja laatikoiden merkinn\u00e4t parantavat ja virtaviivaistavat ty\u00f6prosessia varastoissa ja tuotantolaitoksissa. J\u00e4yk\u00e4st\u00e4 PET-muovista valmistetut l\u00e4pin\u00e4kyv\u00e4t taskut voidaan lukea skannerilla. Lavatasku voidaan ripustaa esim. kuormalavan reunojen p\u00e4\u00e4lle, jotka ovat enint\u00e4\u00e4n 22 mm. Jokainen etikettipidike on peitetty l\u00e4pin\u00e4kyv\u00e4ll\u00e4 muovikalvolla, joka suojaa naarmuilta kuljetuksen ja varastoinnin aikana. Suojakalvo on helppo poistaa, kun tuotetta on tarkoitus k\u00e4ytt\u00e4\u00e4. Ilmainen malli etikettiin on saatavilla osoitteessa www.duraprint.se.<br \/>\nSis\u00e4mitat: A4L (297 x 210 mm L x K)<br \/>\nUlkomitat: 300 x 213 mm L x K<br \/>\nTarvikkeet: Tarrat A4-arkeille, art. nro 485602<\/p>","protected":false},"excerpt":{"rendered":"<p>L\u00e4pin\u00e4kyv\u00e4\u00e4 j\u00e4ykk\u00e4\u00e4 PET-muovia olevaa lavataskua, joka voidaan ripustaa kuormalavojen kaulusten ja laatikoiden reunan yli. <\/p>","protected":false},"featured_media":136375,"template":"","meta":{"_acf_changed":false},"product_brand":[],"product_cat":[4306],"product_tag":[4376],"class_list":{"0":"post-116995","1":"product","2":"type-product","3":"status-publish","4":"has-post-thumbnail","6":"product_cat-markning-pallstall","7":"product_tag-transparent","8":"product_shipping_class-tunga-paket","9":"pa_brands-durable","10":"pa_farg-transparent","11":"tm-no-options","13":"first","14":"instock","15":"sale","16":"taxable","17":"shipping-taxable","18":"purchasable","19":"product-type-simple"},"acf":[],"_links":{"self":[{"href":"https:\/\/secureus.se\/fi\/wp-json\/wp\/v2\/product\/116995","targetHints":{"allow":["GET"]}}],"collection":[{"href":"https:\/\/secureus.se\/fi\/wp-json\/wp\/v2\/product"}],"about":[{"href":"https:\/\/secureus.se\/fi\/wp-json\/wp\/v2\/types\/product"}],"wp:featuredmedia":[{"embeddable":true,"href":"https:\/\/secureus.se\/fi\/wp-json\/wp\/v2\/media\/136375"}],"wp:attachment":[{"href":"https:\/\/secureus.se\/fi\/wp-json\/wp\/v2\/media?parent=116995"}],"wp:term":[{"taxonomy":"product_brand","embeddable":true,"href":"https:\/\/secureus.se\/fi\/wp-json\/wp\/v2\/product_brand?post=116995"},{"taxonomy":"product_cat","embeddable":true,"href":"https:\/\/secureus.se\/fi\/wp-json\/wp\/v2\/product_cat?post=116995"},{"taxonomy":"product_tag","embeddable":true,"href":"https:\/\/secureus.se\/fi\/wp-json\/wp\/v2\/product_tag?post=116995"}],"curies":[{"name":"wp","href":"https:\/\/api.w.org\/{rel}","templated":true}]}}