{"id":117022,"date":"2024-11-05T17:20:48","date_gmt":"2024-11-05T16:20:48","guid":{"rendered":"https:\/\/secureus.se\/?post_type=product&#038;p=117022"},"modified":"2026-01-12T12:47:13","modified_gmt":"2026-01-12T11:47:13","slug":"sjalvhaftande-ficka-pocketfix-plus-90x57-10-st","status":"publish","type":"product","link":"https:\/\/secureus.se\/fi\/sjalvhaftande-ficka-pocketfix-plus-90x57-10-st\/","title":{"rendered":"Itseliimautuva tasku POCKETFIX\u00ae PLUS 90\u00d757 10 kpl"},"content":{"rendered":"<p>Tarrakansiot, kansiot, laatikot jne. tarroilla, jotka asetetaan itseliimautuvaan POCKETFIX\u00ae-taskuun. L\u00e4pin\u00e4kyv\u00e4 tasku on valmistettu polypropeenimuovista. T\u00e4ss\u00e4 k\u00e4yntikorttitaskussa on aukko toisella pitk\u00e4ll\u00e4 sivulla ja l\u00e4pp\u00e4, joka voidaan taittaa alas taskun sulkemiseksi. Mukaan mahtuu 15 k\u00e4yntikorttia. Sis\u00e4mitat: 90\u00d757. Ulkomitat: 106\u00d765 mm (LxK). Laukku, jossa 10 taskua.<\/p>","protected":false},"excerpt":{"rendered":"<p>Itsekiinnittyv\u00e4 tasku, jossa aukko toisella pitk\u00e4ll\u00e4 sivulla ja suljettava l\u00e4pp\u00e4. Mukaan mahtuu noin 15 k\u00e4yntikorttia, joiden koko on 90\u00d757.<\/p>","protected":false},"featured_media":135473,"template":"","meta":{"_acf_changed":false},"product_brand":[],"product_cat":[4287,4252],"product_tag":[4376],"class_list":{"0":"post-117022","1":"product","2":"type-product","3":"status-publish","4":"has-post-thumbnail","6":"product_cat-kabelsamlare","7":"product_cat-sjalvhaftande-fickor","8":"product_tag-transparent","9":"product_shipping_class-tunga-paket","10":"pa_brands-durable","11":"pa_farg-transparent","12":"tm-no-options","14":"first","15":"instock","16":"sale","17":"taxable","18":"shipping-taxable","19":"purchasable","20":"product-type-simple"},"acf":[],"_links":{"self":[{"href":"https:\/\/secureus.se\/fi\/wp-json\/wp\/v2\/product\/117022","targetHints":{"allow":["GET"]}}],"collection":[{"href":"https:\/\/secureus.se\/fi\/wp-json\/wp\/v2\/product"}],"about":[{"href":"https:\/\/secureus.se\/fi\/wp-json\/wp\/v2\/types\/product"}],"wp:featuredmedia":[{"embeddable":true,"href":"https:\/\/secureus.se\/fi\/wp-json\/wp\/v2\/media\/135473"}],"wp:attachment":[{"href":"https:\/\/secureus.se\/fi\/wp-json\/wp\/v2\/media?parent=117022"}],"wp:term":[{"taxonomy":"product_brand","embeddable":true,"href":"https:\/\/secureus.se\/fi\/wp-json\/wp\/v2\/product_brand?post=117022"},{"taxonomy":"product_cat","embeddable":true,"href":"https:\/\/secureus.se\/fi\/wp-json\/wp\/v2\/product_cat?post=117022"},{"taxonomy":"product_tag","embeddable":true,"href":"https:\/\/secureus.se\/fi\/wp-json\/wp\/v2\/product_tag?post=117022"}],"curies":[{"name":"wp","href":"https:\/\/api.w.org\/{rel}","templated":true}]}}