{"id":117030,"date":"2024-11-05T16:54:24","date_gmt":"2024-11-05T15:54:24","guid":{"rendered":"https:\/\/secureus.se\/?post_type=product&#038;p=117030"},"modified":"2026-01-12T12:01:10","modified_gmt":"2026-01-12T11:01:10","slug":"etiketthallare-sjalvhaftande-hard-cover-1-2-a5l-210x74","status":"publish","type":"product","link":"https:\/\/secureus.se\/fi\/etiketthallare-sjalvhaftande-hard-cover-1-2-a5l-210x74\/","title":{"rendered":"Tarratarrateline HARD COVER 1\/2 A5L, 210\u00d774"},"content":{"rendered":"<p>Selke\u00e4t ja kattavat hyllyjen, kaapien, ovien, kuormalavojen, konttien ja muiden tilojen merkinn\u00e4t parantavat ja virtaviivaistavat ty\u00f6prosessia varastoissa ja tuotantotiloissa. J\u00e4yk\u00e4st\u00e4 PET-muovista valmistetut l\u00e4pin\u00e4kyv\u00e4t, itseliimautuvat etiketin pidikkeet voidaan lukea skannerilla. Tarrat on helppo vaihtaa, koska pidikkeet ovat avoimia ylh\u00e4\u00e4lt\u00e4 ja molemmilta puolilta ja niiss\u00e4 on my\u00f6s viistetyt kulmat, jotta tarraan p\u00e4\u00e4see helposti k\u00e4siksi. Asennettu liimaliuskoilla, jotka voidaan irrottaa j\u00e4tt\u00e4m\u00e4tt\u00e4 liimaj\u00e4\u00e4mi\u00e4 irrotettaessa. Jokainen etiketin pidike on peitetty l\u00e4pin\u00e4kyv\u00e4ll\u00e4 muovikalvolla, joka suojaa naarmuilta kuljetuksen ja varastoinnin aikana. Suojakalvo on helppo poistaa, kun tuotetta k\u00e4ytet\u00e4\u00e4n. Ilmainen malli etikettiin on saatavilla osoitteessa www.duraprint.se.<br \/>\nSis\u00e4mitat: 1\/2 A5 vaaka (210 x 74 mm) (L x K), VDA-standardin mukaisesti<br \/>\nUlkomitat: 213 x 79 mm (L x K)<br \/>\nTarvikkeet: Tarrat A4-arkeille, art. nro 102802<\/p>","protected":false},"excerpt":{"rendered":"<p>Etiketin pidike PET-muovia, jossa itseliimautuvat ja irrotettavat tarranauhat takana. K\u00e4ytet\u00e4\u00e4n esim. hyllyn reunoilla.<\/p>","protected":false},"featured_media":136386,"template":"","meta":{"_acf_changed":false},"product_brand":[],"product_cat":[4335],"product_tag":[4376],"class_list":{"0":"post-117030","1":"product","2":"type-product","3":"status-publish","4":"has-post-thumbnail","6":"product_cat-etiketthallare","7":"product_tag-transparent","8":"product_shipping_class-tunga-paket","9":"pa_brands-durable","10":"pa_farg-transparent","11":"tm-no-options","13":"first","14":"instock","15":"sale","16":"taxable","17":"shipping-taxable","18":"purchasable","19":"product-type-simple"},"acf":[],"_links":{"self":[{"href":"https:\/\/secureus.se\/fi\/wp-json\/wp\/v2\/product\/117030","targetHints":{"allow":["GET"]}}],"collection":[{"href":"https:\/\/secureus.se\/fi\/wp-json\/wp\/v2\/product"}],"about":[{"href":"https:\/\/secureus.se\/fi\/wp-json\/wp\/v2\/types\/product"}],"wp:featuredmedia":[{"embeddable":true,"href":"https:\/\/secureus.se\/fi\/wp-json\/wp\/v2\/media\/136386"}],"wp:attachment":[{"href":"https:\/\/secureus.se\/fi\/wp-json\/wp\/v2\/media?parent=117030"}],"wp:term":[{"taxonomy":"product_brand","embeddable":true,"href":"https:\/\/secureus.se\/fi\/wp-json\/wp\/v2\/product_brand?post=117030"},{"taxonomy":"product_cat","embeddable":true,"href":"https:\/\/secureus.se\/fi\/wp-json\/wp\/v2\/product_cat?post=117030"},{"taxonomy":"product_tag","embeddable":true,"href":"https:\/\/secureus.se\/fi\/wp-json\/wp\/v2\/product_tag?post=117030"}],"curies":[{"name":"wp","href":"https:\/\/api.w.org\/{rel}","templated":true}]}}