{"id":117060,"date":"2024-11-05T17:04:49","date_gmt":"2024-11-05T16:04:49","guid":{"rendered":"https:\/\/secureus.se\/?post_type=product&#038;p=117060"},"modified":"2026-01-12T12:37:20","modified_gmt":"2026-01-12T11:37:20","slug":"vario-magnet-wall-5","status":"publish","type":"product","link":"https:\/\/secureus.se\/fi\/vario-magnet-wall-5\/","title":{"rendered":"VARIO\u00ae MAGNETSEIN\u00c4 5"},"content":{"rendered":"<p>Tieto- ja esittelytelineet, joilla on monia eri nimi\u00e4; paneeli, n\u00e4ytt\u00f6, yleiskuvausj\u00e4rjestelm\u00e4, siipirekisteri, PLU-pidike, asiakirjateline, lat dog.... Nimest\u00e4 riippumatta sill\u00e4 on monia k\u00e4ytt\u00f6tarkoituksia varastoissa, myym\u00e4l\u00f6iss\u00e4, n\u00e4yttelyiss\u00e4 jne. Usein k\u00e4ytetty tieto tallennetaan, l\u00f6ydet\u00e4\u00e4n nopeasti ja on helposti katseltavissa yleiskatsausj\u00e4rjestelm\u00e4\u00e4n. VARIO\u00ae MAGNET WALL on t\u00e4ydellinen sein\u00e4teline, jossa on 5 heijastamatonta, skannattavaa polypropeenimuovitaskua (musta) A4-kokoisille asiakirjoille. Takana vahva magneetti asennettavaksi esim. metallihyllyille, lavatelineille tai koneille. Taskuja asetettaessa ja irrotettaessa taskua on hyv\u00e4 taivuttaa hieman varovasti keskelt\u00e4 pitk\u00e4\u00e4 sis\u00e4sivua pitkin, jolloin tasku on helppo laittaa paikalleen ja poistaa pitimen piikkej\u00e4 vahingoittamatta. 5 vuoden takuu. Takuuehdot l\u00f6ytyv\u00e4t t\u00e4\u00e4lt\u00e4: https:\/\/www.durable.se\/sv_SE\/service\/garanti\/garanti-foer-sherpa-vario\/<br \/>\nLis\u00e4varusteet: Otsikkoteline 560919 tai 560319<\/p>","protected":false},"excerpt":{"rendered":"<p>T\u00e4ydellinen metallinen sein\u00e4teline, jossa vahva magneetti takana ja 5 taitettavaa A4-paneelia.<\/p>","protected":false},"featured_media":136838,"template":"","meta":{"_acf_changed":false},"product_brand":[],"product_cat":[4298],"product_tag":[4381],"class_list":{"0":"post-117060","1":"product","2":"type-product","3":"status-publish","4":"has-post-thumbnail","6":"product_cat-bladderstall-bord","7":"product_tag-svart","8":"product_shipping_class-tunga-paket","9":"pa_brands-durable","10":"pa_farg-svart","11":"tm-no-options","13":"first","14":"instock","15":"sale","16":"taxable","17":"shipping-taxable","18":"purchasable","19":"product-type-simple"},"acf":[],"_links":{"self":[{"href":"https:\/\/secureus.se\/fi\/wp-json\/wp\/v2\/product\/117060","targetHints":{"allow":["GET"]}}],"collection":[{"href":"https:\/\/secureus.se\/fi\/wp-json\/wp\/v2\/product"}],"about":[{"href":"https:\/\/secureus.se\/fi\/wp-json\/wp\/v2\/types\/product"}],"wp:featuredmedia":[{"embeddable":true,"href":"https:\/\/secureus.se\/fi\/wp-json\/wp\/v2\/media\/136838"}],"wp:attachment":[{"href":"https:\/\/secureus.se\/fi\/wp-json\/wp\/v2\/media?parent=117060"}],"wp:term":[{"taxonomy":"product_brand","embeddable":true,"href":"https:\/\/secureus.se\/fi\/wp-json\/wp\/v2\/product_brand?post=117060"},{"taxonomy":"product_cat","embeddable":true,"href":"https:\/\/secureus.se\/fi\/wp-json\/wp\/v2\/product_cat?post=117060"},{"taxonomy":"product_tag","embeddable":true,"href":"https:\/\/secureus.se\/fi\/wp-json\/wp\/v2\/product_tag?post=117060"}],"curies":[{"name":"wp","href":"https:\/\/api.w.org\/{rel}","templated":true}]}}