{"id":117117,"date":"2024-11-05T17:19:24","date_gmt":"2024-11-05T16:19:24","guid":{"rendered":"https:\/\/secureus.se\/?post_type=product&#038;p=117117"},"modified":"2026-01-12T12:31:01","modified_gmt":"2026-01-12T11:31:01","slug":"sjalvhaftande-kabelhallare-cavoline-clip-mix-2","status":"publish","type":"product","link":"https:\/\/secureus.se\/fi\/sjalvhaftande-kabelhallare-cavoline-clip-mix-2\/","title":{"rendered":"Itsekiinnittyv\u00e4 kaapelipidike CAVOLINE\u00ae CLIP MIX"},"content":{"rendered":"<p>Pid\u00e4 kaapelit kunnossa CAVOLINE\u00ae:lla sek\u00e4 toimistossa ett\u00e4 kotona. Ker\u00e4\u00e4 kaapelit ja se n\u00e4ytt\u00e4\u00e4 siistimm\u00e4lt\u00e4 ja on my\u00f6s helpompi puhdistaa.<br \/>\nPehme\u00e4st\u00e4 muovista valmistettu itseliimautuva kaapelipidikesarja 1, 2, 3 ja 4 USB- tai puhelinkaapelille, joiden halkaisija on enint\u00e4\u00e4n 5 mm. Kiinnittyy sileille ja puhtaille pinnoille. Sis\u00e4lt\u00e4\u00e4: 2 pidikett\u00e4 1, 2 ja 3 kaapelille ja 1 pidike 4 kaapelille.<\/p>","protected":false},"excerpt":{"rendered":"<p>Sarja itseliimautuvia kaapelipidikkeita 1, 2, 3 ja 4 USB-kaapelille.<\/p>","protected":false},"featured_media":135438,"template":"","meta":{"_acf_changed":false},"product_brand":[],"product_cat":[4287,4252],"product_tag":[4404],"class_list":{"0":"post-117117","1":"product","2":"type-product","3":"status-publish","4":"has-post-thumbnail","6":"product_cat-kabelsamlare","7":"product_cat-sjalvhaftande-fickor","8":"product_tag-grafitgra","9":"product_shipping_class-tunga-paket","10":"pa_brands-durable","11":"pa_farg-grafitgra","12":"tm-no-options","14":"first","15":"instock","16":"sale","17":"taxable","18":"shipping-taxable","19":"purchasable","20":"product-type-simple"},"acf":[],"_links":{"self":[{"href":"https:\/\/secureus.se\/fi\/wp-json\/wp\/v2\/product\/117117","targetHints":{"allow":["GET"]}}],"collection":[{"href":"https:\/\/secureus.se\/fi\/wp-json\/wp\/v2\/product"}],"about":[{"href":"https:\/\/secureus.se\/fi\/wp-json\/wp\/v2\/types\/product"}],"wp:featuredmedia":[{"embeddable":true,"href":"https:\/\/secureus.se\/fi\/wp-json\/wp\/v2\/media\/135438"}],"wp:attachment":[{"href":"https:\/\/secureus.se\/fi\/wp-json\/wp\/v2\/media?parent=117117"}],"wp:term":[{"taxonomy":"product_brand","embeddable":true,"href":"https:\/\/secureus.se\/fi\/wp-json\/wp\/v2\/product_brand?post=117117"},{"taxonomy":"product_cat","embeddable":true,"href":"https:\/\/secureus.se\/fi\/wp-json\/wp\/v2\/product_cat?post=117117"},{"taxonomy":"product_tag","embeddable":true,"href":"https:\/\/secureus.se\/fi\/wp-json\/wp\/v2\/product_tag?post=117117"}],"curies":[{"name":"wp","href":"https:\/\/api.w.org\/{rel}","templated":true}]}}