{"id":117170,"date":"2024-11-05T17:02:15","date_gmt":"2024-11-05T16:02:15","guid":{"rendered":"https:\/\/secureus.se\/?post_type=product&#038;p=117170"},"modified":"2026-01-12T12:04:26","modified_gmt":"2026-01-12T11:04:26","slug":"varseldekal-gaende-hanvisas-hit","status":"publish","type":"product","link":"https:\/\/secureus.se\/fi\/varseldekal-gaende-hanvisas-hit\/","title":{"rendered":"Varoitustarra &quot;Jalankulkijat ohjataan t\u00e4nne&quot;"},"content":{"rendered":"<p>Itsekiinnittyv\u00e4 suuri lattiatarra &quot;Jalankulkijoille&quot; kertoo vierailijoille ja henkil\u00f6kunnalle selke\u00e4sti, miss\u00e4 on tarkoituksenmukaista ja toivottavaa k\u00e4vell\u00e4 turvallisuuden lis\u00e4\u00e4miseksi ja onnettomuusriskin v\u00e4hent\u00e4miseksi. Kiinnittyy puhtaisiin ja kuiviin betonilattioihin. Kest\u00e4v\u00e4 ja kest\u00e4v\u00e4, liukastumisenestoluokitus R9 DIN 51130 mukaisesti. Kilvet t\u00e4ytt\u00e4v\u00e4t ISO 7010 vaatimukset.<br \/>\nMitat: \u00d8 430 mm, paksuus 0,4 mm<\/p>","protected":false},"excerpt":{"rendered":"<p>Itsekiinnittyv\u00e4 pakollinen kyltti lattiamaalaukseen. Ilmoittaa selke\u00e4sti, minne jalankulkijoiden tulisi menn\u00e4, ja lis\u00e4\u00e4 turvallisuutta ja riskitietoisuutta.<\/p>","protected":false},"featured_media":136939,"template":"","meta":{"_acf_changed":false},"product_brand":[],"product_cat":[4307],"product_tag":[4387],"class_list":{"0":"post-117170","1":"product","2":"type-product","3":"status-publish","4":"has-post-thumbnail","6":"product_cat-sakerhetsmarkning","7":"product_tag-bla","8":"product_shipping_class-tunga-paket","9":"pa_brands-durable","10":"pa_farg-bla","11":"tm-no-options","13":"first","14":"instock","15":"sale","16":"taxable","17":"shipping-taxable","18":"purchasable","19":"product-type-simple"},"acf":[],"_links":{"self":[{"href":"https:\/\/secureus.se\/fi\/wp-json\/wp\/v2\/product\/117170","targetHints":{"allow":["GET"]}}],"collection":[{"href":"https:\/\/secureus.se\/fi\/wp-json\/wp\/v2\/product"}],"about":[{"href":"https:\/\/secureus.se\/fi\/wp-json\/wp\/v2\/types\/product"}],"wp:featuredmedia":[{"embeddable":true,"href":"https:\/\/secureus.se\/fi\/wp-json\/wp\/v2\/media\/136939"}],"wp:attachment":[{"href":"https:\/\/secureus.se\/fi\/wp-json\/wp\/v2\/media?parent=117170"}],"wp:term":[{"taxonomy":"product_brand","embeddable":true,"href":"https:\/\/secureus.se\/fi\/wp-json\/wp\/v2\/product_brand?post=117170"},{"taxonomy":"product_cat","embeddable":true,"href":"https:\/\/secureus.se\/fi\/wp-json\/wp\/v2\/product_cat?post=117170"},{"taxonomy":"product_tag","embeddable":true,"href":"https:\/\/secureus.se\/fi\/wp-json\/wp\/v2\/product_tag?post=117170"}],"curies":[{"name":"wp","href":"https:\/\/api.w.org\/{rel}","templated":true}]}}