{"id":117178,"date":"2024-11-05T17:18:50","date_gmt":"2024-11-05T16:18:50","guid":{"rendered":"https:\/\/secureus.se\/?post_type=product&#038;p=117178"},"modified":"2026-01-12T12:49:00","modified_gmt":"2026-01-12T11:49:00","slug":"sjalvlaminerande-sjalvhaftande-ficka-seal-it-a4-10-fp","status":"publish","type":"product","link":"https:\/\/secureus.se\/fi\/sjalvlaminerande-sjalvhaftande-ficka-seal-it-a4-10-fp\/","title":{"rendered":"Itselaminoituva, itseliimautuva tasku SEAL IT A4 10\/fp"},"content":{"rendered":"<p>Plastisoimalla valokuvia, asiakirjoja, ohjeita jne. ne suojataan lialta, kosteudelta ja muilta vaurioilta. SEAL IT on sarja kylm\u00e4laminoivia taskuja, eli laminointikonetta ei tarvita. Aseta paperi arkkien v\u00e4liin ja irrota suojapaperi yl\u00e4arkin ylh\u00e4\u00e4lt\u00e4 alas ja liit\u00e4 pala palalta ja arkki on k\u00e4\u00e4ritty! T\u00e4m\u00e4 tasku on itseliimautuva takana. Kiinnittyy kiinteisiin ja sileisiin pintoihin, voidaan irrottaa ja kiinnitt\u00e4\u00e4 uudelleen. A4-kokoisille arkeille. Pakkauksessa 10 kpl.<\/p>","protected":false},"excerpt":{"rendered":"<p>Tasku A4-arkkien k\u00e4\u00e4rimiseen ilman laminointikonetta. Itsekiinnittyv\u00e4 tausta.<\/p>","protected":false},"featured_media":135919,"template":"","meta":{"_acf_changed":false},"product_brand":[],"product_cat":[4311],"product_tag":[4376],"class_list":{"0":"post-117178","1":"product","2":"type-product","3":"status-publish","4":"has-post-thumbnail","6":"product_cat-lamineringsfickor","7":"product_tag-transparent","8":"product_shipping_class-tunga-paket","9":"pa_brands-durable","10":"pa_farg-transparent","11":"tm-no-options","13":"first","14":"instock","15":"sale","16":"taxable","17":"shipping-taxable","18":"purchasable","19":"product-type-simple"},"acf":[],"_links":{"self":[{"href":"https:\/\/secureus.se\/fi\/wp-json\/wp\/v2\/product\/117178","targetHints":{"allow":["GET"]}}],"collection":[{"href":"https:\/\/secureus.se\/fi\/wp-json\/wp\/v2\/product"}],"about":[{"href":"https:\/\/secureus.se\/fi\/wp-json\/wp\/v2\/types\/product"}],"wp:featuredmedia":[{"embeddable":true,"href":"https:\/\/secureus.se\/fi\/wp-json\/wp\/v2\/media\/135919"}],"wp:attachment":[{"href":"https:\/\/secureus.se\/fi\/wp-json\/wp\/v2\/media?parent=117178"}],"wp:term":[{"taxonomy":"product_brand","embeddable":true,"href":"https:\/\/secureus.se\/fi\/wp-json\/wp\/v2\/product_brand?post=117178"},{"taxonomy":"product_cat","embeddable":true,"href":"https:\/\/secureus.se\/fi\/wp-json\/wp\/v2\/product_cat?post=117178"},{"taxonomy":"product_tag","embeddable":true,"href":"https:\/\/secureus.se\/fi\/wp-json\/wp\/v2\/product_tag?post=117178"}],"curies":[{"name":"wp","href":"https:\/\/api.w.org\/{rel}","templated":true}]}}