{"id":117182,"date":"2024-11-20T14:14:11","date_gmt":"2024-11-20T13:14:11","guid":{"rendered":"https:\/\/secureus.se\/?post_type=product&#038;p=117182"},"modified":"2026-01-12T12:48:59","modified_gmt":"2026-01-12T11:48:59","slug":"namnskylt-click-fold-54x90-med-magnet-fix-placehold","status":"publish","type":"product","link":"https:\/\/secureus.se\/fi\/namnskylt-click-fold-54x90-med-magnet-fix-placehold\/","title":{"rendered":"Tyyppikilpi CLICK FOLD 54\u00d790 magneettikiinnityksell\u00e4 (paikka&amp;pid\u00e4)"},"content":{"rendered":"<p>Konferenssin osallistujat, yritysten vierailijat, henkil\u00f6kunta messuilla, myym\u00e4l\u00f6iss\u00e4, palveluammatit ja myyj\u00e4t - listaa voi laajentaa sinne, miss\u00e4 tarvitaan erikokoisia, -mallisia ja -kiinnitysvaihtoehtoja. Clic Fold -sarja on valmistettu kierr\u00e4tetyst\u00e4 polypropeenimuovista 70%, joka on taitettava &quot;napsautuslukolla&quot; tarran vaihtamista varten, joka silti pysyy aina tukevasti paikoillaan. T\u00e4ss\u00e4 40x75 mm:n nimikyltiss\u00e4 on tekstiiliyst\u00e4v\u00e4llinen magneettikiinnitys, joka toimii hyvin herkill\u00e4 vaatteilla. Magneettinen kiinnitys on kiinnitetty siten, ett\u00e4 tyyppikilpi pysyy halutussa asennossa eik\u00e4 k\u00e4\u00e4nny mihink\u00e4\u00e4n suuntaan. HUOMIO! Ei sovellu henkil\u00f6ille, joilla on syd\u00e4mentahdistin. Mukana tulevat valkoiset etiketit nauhana. Tarrat A4-arkeille tulostettaviksi tulostimiin voidaan tilata erikseen. K\u00e4yt\u00e4 ilmaista DURAPRINT\u00ae-ohjelmaa osoitteesta www.duraprint.se luodaksesi ja tulostaaksesi tyylikk\u00e4it\u00e4 nimilappuja.<br \/>\nLis\u00e4varusteet:<br \/>\nBadgemaker\u00ae-tarrat A4-arkeille tulostettaviksi tulostimella, tuotenro 145502<\/p>","protected":false},"excerpt":{"rendered":"<p>Kevyesti kupera tyyppikilpi 54\u00d790 &quot;snap lock&quot; -lukolla, jotta etiketti ei p\u00e4\u00e4se pudota. Kiinte\u00e4 magneettikiinnitys, joka pit\u00e4\u00e4 tyyppikilven halutussa asennossa. 10 kpl\/laatikko<\/p>","protected":false},"featured_media":133913,"template":"","meta":{"_acf_changed":false},"product_brand":[],"product_cat":[4286],"product_tag":[4376],"class_list":{"0":"post-117182","1":"product","2":"type-product","3":"status-publish","4":"has-post-thumbnail","6":"product_cat-namnskyltar-med-magnet","7":"product_tag-transparent","8":"product_shipping_class-tunga-paket","9":"pa_brands-durable","10":"pa_farg-transparent","11":"tm-no-options","13":"first","14":"instock","15":"sale","16":"taxable","17":"shipping-taxable","18":"purchasable","19":"product-type-simple"},"acf":[],"_links":{"self":[{"href":"https:\/\/secureus.se\/fi\/wp-json\/wp\/v2\/product\/117182","targetHints":{"allow":["GET"]}}],"collection":[{"href":"https:\/\/secureus.se\/fi\/wp-json\/wp\/v2\/product"}],"about":[{"href":"https:\/\/secureus.se\/fi\/wp-json\/wp\/v2\/types\/product"}],"wp:featuredmedia":[{"embeddable":true,"href":"https:\/\/secureus.se\/fi\/wp-json\/wp\/v2\/media\/133913"}],"wp:attachment":[{"href":"https:\/\/secureus.se\/fi\/wp-json\/wp\/v2\/media?parent=117182"}],"wp:term":[{"taxonomy":"product_brand","embeddable":true,"href":"https:\/\/secureus.se\/fi\/wp-json\/wp\/v2\/product_brand?post=117182"},{"taxonomy":"product_cat","embeddable":true,"href":"https:\/\/secureus.se\/fi\/wp-json\/wp\/v2\/product_cat?post=117182"},{"taxonomy":"product_tag","embeddable":true,"href":"https:\/\/secureus.se\/fi\/wp-json\/wp\/v2\/product_tag?post=117182"}],"curies":[{"name":"wp","href":"https:\/\/api.w.org\/{rel}","templated":true}]}}