{"id":117194,"date":"2024-11-05T17:02:06","date_gmt":"2024-11-05T16:02:06","guid":{"rendered":"https:\/\/secureus.se\/?post_type=product&#038;p=117194"},"modified":"2026-01-12T12:04:16","modified_gmt":"2026-01-12T11:04:16","slug":"varseldekal-rokning-forbjudet","status":"publish","type":"product","link":"https:\/\/secureus.se\/fi\/varseldekal-rokning-forbjudet\/","title":{"rendered":"Varoitustarra &quot;Tupakointi kielletty&quot;"},"content":{"rendered":"<p>Itsekiinnittyv\u00e4 iso lattiatarra &quot;Tupakointi kielletty&quot; kertoo vierailijoille ja henkil\u00f6kunnalle selke\u00e4sti nykyisest\u00e4 tupakointikiellosta ja luo turvallisemman ty\u00f6ymp\u00e4rist\u00f6n ja pienent\u00e4\u00e4 tapaturmariski\u00e4. Kiinnittyy puhtaisiin ja kuiviin betonilattioihin. Kest\u00e4v\u00e4 ja kest\u00e4v\u00e4, liukastumisenestoluokitus R9 DIN 51130 mukaisesti. Kilvet t\u00e4ytt\u00e4v\u00e4t ISO 7010 vaatimukset.<br \/>\nMitat: \u00d8 430 mm, paksuus 0,4 mm<\/p>","protected":false},"excerpt":{"rendered":"<p>Itsekiinnittyv\u00e4 kieltokyltti lattiamaalaukseen. Tiedottaa selke\u00e4sti nykyisest\u00e4 tupakointikiellosta ja lis\u00e4\u00e4 turvallisuutta ja riskitietoisuutta.<\/p>","protected":false},"featured_media":135758,"template":"","meta":{"_acf_changed":false},"product_brand":[],"product_cat":[4307],"product_tag":[4389],"class_list":{"0":"post-117194","1":"product","2":"type-product","3":"status-publish","4":"has-post-thumbnail","6":"product_cat-sakerhetsmarkning","7":"product_tag-rod","8":"product_shipping_class-tunga-paket","9":"pa_brands-durable","10":"pa_farg-rod","11":"tm-no-options","13":"first","14":"instock","15":"sale","16":"taxable","17":"shipping-taxable","18":"purchasable","19":"product-type-simple"},"acf":[],"_links":{"self":[{"href":"https:\/\/secureus.se\/fi\/wp-json\/wp\/v2\/product\/117194","targetHints":{"allow":["GET"]}}],"collection":[{"href":"https:\/\/secureus.se\/fi\/wp-json\/wp\/v2\/product"}],"about":[{"href":"https:\/\/secureus.se\/fi\/wp-json\/wp\/v2\/types\/product"}],"wp:featuredmedia":[{"embeddable":true,"href":"https:\/\/secureus.se\/fi\/wp-json\/wp\/v2\/media\/135758"}],"wp:attachment":[{"href":"https:\/\/secureus.se\/fi\/wp-json\/wp\/v2\/media?parent=117194"}],"wp:term":[{"taxonomy":"product_brand","embeddable":true,"href":"https:\/\/secureus.se\/fi\/wp-json\/wp\/v2\/product_brand?post=117194"},{"taxonomy":"product_cat","embeddable":true,"href":"https:\/\/secureus.se\/fi\/wp-json\/wp\/v2\/product_cat?post=117194"},{"taxonomy":"product_tag","embeddable":true,"href":"https:\/\/secureus.se\/fi\/wp-json\/wp\/v2\/product_tag?post=117194"}],"curies":[{"name":"wp","href":"https:\/\/api.w.org\/{rel}","templated":true}]}}