{"id":117236,"date":"2024-11-20T14:14:36","date_gmt":"2024-11-20T13:14:36","guid":{"rendered":"https:\/\/secureus.se\/?post_type=product&#038;p=117236"},"modified":"2026-01-12T12:46:27","modified_gmt":"2026-01-12T11:46:27","slug":"namnskylt-konvex-40x75-nal-klamfaste","status":"publish","type":"product","link":"https:\/\/secureus.se\/fi\/namnskylt-konvex-40x75-nal-klamfaste\/","title":{"rendered":"Tyyppikilpi kupera 40\u00d775, tappi\/klipsikiinnitys"},"content":{"rendered":"<p>Konferenssin osallistujat, yritysten vierailijat, henkil\u00f6kunta messuilla, myym\u00e4l\u00f6iss\u00e4, palveluammatit ja myyj\u00e4t - listaa voi laajentaa sinne, miss\u00e4 tarvitaan erikokoisia, -mallisia ja kiinnitysvaihtoehtoja nimilappuja. T\u00e4m\u00e4 40x75mm kyltti on valmistettu akryylist\u00e4 ja hieman kupera, mik\u00e4 tekee tekstist\u00e4 eritt\u00e4in helppolukuisen. K\u00e4\u00e4ntyv\u00e4 yhdistelm\u00e4puristin, joka antaa sinulle mahdollisuuden kiinnitt\u00e4\u00e4 kyltti. Peukalokahva helpottaa kortin irrottamista. Mukana valkoiset etiketit. Tarrat A4-arkeille tulostettaviksi tulostimiin voidaan tilata erikseen. K\u00e4yt\u00e4 ilmaista DURAPRINT\u00ae-ohjelmaa osoitteesta www.duraprint.se luodaksesi ja tulostaaksesi tyylikk\u00e4it\u00e4 nimilappuja.<br \/>\nLis\u00e4varusteet:<br \/>\nBadgemaker\u00ae-tarrat A4-arkeille tulostettaviksi tulostimella, tuotenro 145302<\/p>","protected":false},"excerpt":{"rendered":"<p>Kevyt kupera akryylinimilappu, joka voidaan kiinnitt\u00e4\u00e4 hakaneulalla tai pidikkeell\u00e4. Huomaamaton mutta silti t\u00e4ysin n\u00e4kyv\u00e4 koko 40x75mm. 25 kpl\/laatikko<\/p>","protected":false},"featured_media":133609,"template":"","meta":{"_acf_changed":false},"product_brand":[],"product_cat":[4282],"product_tag":[4390],"class_list":{"0":"post-117236","1":"product","2":"type-product","3":"status-publish","4":"has-post-thumbnail","6":"product_cat-namnskyltar-med-nal","7":"product_tag-morkgra","8":"product_shipping_class-tunga-paket","9":"pa_brands-durable","10":"pa_farg-morkgra","11":"tm-no-options","13":"first","14":"instock","15":"sale","16":"taxable","17":"shipping-taxable","18":"purchasable","19":"product-type-simple"},"acf":[],"_links":{"self":[{"href":"https:\/\/secureus.se\/fi\/wp-json\/wp\/v2\/product\/117236","targetHints":{"allow":["GET"]}}],"collection":[{"href":"https:\/\/secureus.se\/fi\/wp-json\/wp\/v2\/product"}],"about":[{"href":"https:\/\/secureus.se\/fi\/wp-json\/wp\/v2\/types\/product"}],"wp:featuredmedia":[{"embeddable":true,"href":"https:\/\/secureus.se\/fi\/wp-json\/wp\/v2\/media\/133609"}],"wp:attachment":[{"href":"https:\/\/secureus.se\/fi\/wp-json\/wp\/v2\/media?parent=117236"}],"wp:term":[{"taxonomy":"product_brand","embeddable":true,"href":"https:\/\/secureus.se\/fi\/wp-json\/wp\/v2\/product_brand?post=117236"},{"taxonomy":"product_cat","embeddable":true,"href":"https:\/\/secureus.se\/fi\/wp-json\/wp\/v2\/product_cat?post=117236"},{"taxonomy":"product_tag","embeddable":true,"href":"https:\/\/secureus.se\/fi\/wp-json\/wp\/v2\/product_tag?post=117236"}],"curies":[{"name":"wp","href":"https:\/\/api.w.org\/{rel}","templated":true}]}}