{"id":117278,"date":"2024-11-05T17:47:12","date_gmt":"2024-11-05T16:47:12","guid":{"rendered":"https:\/\/secureus.se\/?post_type=product&#038;p=117278"},"modified":"2026-01-12T12:07:45","modified_gmt":"2026-01-12T11:07:45","slug":"nyckelbricka-key-clip-storpack","status":"publish","type":"product","link":"https:\/\/secureus.se\/fi\/nyckelbricka-key-clip-storpack\/","title":{"rendered":"Avainlappu KEY CLIP iso pakkaus"},"content":{"rendered":"<p>Avainlappu suunniteltu k\u00e4ytett\u00e4v\u00e4ksi Durablen avainkaapin KEY BOX kanssa, jossa on erityiset avainlistat, joissa avaimenper\u00e4n pienet sivunupit lep\u00e4\u00e4v\u00e4t jokaisessa koukussa. T\u00e4m\u00e4 tarkoittaa, ett\u00e4 avain roikkuu lokeron takana ja tarraikkuna on aina luettavissa. Vaihda tarra nostamalla l\u00e4pin\u00e4kyv\u00e4\u00e4 etuosaa, eik\u00e4 avainta tai avainrengasta tarvitse irrottaa. Tarran mitat ovat 17\u00d740 mm ja itse alustan ulkomitat 25\u00d765 mm. Mallit avaimenper\u00e4n tarrojen tulostamiseen voidaan ladata osoitteesta https:\/\/www.durable.se\/service\/ladda-ner\/mallar.html. T\u00e4m\u00e4 sekapaketti sis\u00e4lt\u00e4\u00e4 6 sinist\u00e4, 6 mustaa, 6 punaista ja 6 keltaista avaimenper\u00e4\u00e4.<\/p>","protected":false},"excerpt":{"rendered":"<p>Erityisesti suunniteltu avaimenper\u00e4, joka sopii Durablen avainkaappiin KEY BOX. 24 kpl\/laatikko<\/p>","protected":false},"featured_media":135330,"template":"","meta":{"_acf_changed":false},"product_brand":[],"product_cat":[1932],"product_tag":[4397],"class_list":{"0":"post-117278","1":"product","2":"type-product","3":"status-publish","4":"has-post-thumbnail","6":"product_cat-nyckelgomma-nyckelbox","7":"product_tag-mix","8":"product_shipping_class-tunga-paket","9":"pa_brands-durable","10":"pa_farg-mix","11":"tm-no-options","13":"first","14":"instock","15":"sale","16":"taxable","17":"shipping-taxable","18":"purchasable","19":"product-type-simple"},"acf":[],"_links":{"self":[{"href":"https:\/\/secureus.se\/fi\/wp-json\/wp\/v2\/product\/117278","targetHints":{"allow":["GET"]}}],"collection":[{"href":"https:\/\/secureus.se\/fi\/wp-json\/wp\/v2\/product"}],"about":[{"href":"https:\/\/secureus.se\/fi\/wp-json\/wp\/v2\/types\/product"}],"wp:featuredmedia":[{"embeddable":true,"href":"https:\/\/secureus.se\/fi\/wp-json\/wp\/v2\/media\/135330"}],"wp:attachment":[{"href":"https:\/\/secureus.se\/fi\/wp-json\/wp\/v2\/media?parent=117278"}],"wp:term":[{"taxonomy":"product_brand","embeddable":true,"href":"https:\/\/secureus.se\/fi\/wp-json\/wp\/v2\/product_brand?post=117278"},{"taxonomy":"product_cat","embeddable":true,"href":"https:\/\/secureus.se\/fi\/wp-json\/wp\/v2\/product_cat?post=117278"},{"taxonomy":"product_tag","embeddable":true,"href":"https:\/\/secureus.se\/fi\/wp-json\/wp\/v2\/product_tag?post=117278"}],"curies":[{"name":"wp","href":"https:\/\/api.w.org\/{rel}","templated":true}]}}