{"id":117306,"date":"2024-11-20T14:14:57","date_gmt":"2024-11-20T13:14:57","guid":{"rendered":"https:\/\/secureus.se\/?post_type=product&#038;p=117306"},"modified":"2026-01-12T12:04:10","modified_gmt":"2026-01-12T11:04:10","slug":"pallficka-a6l-vikbar-kant","status":"publish","type":"product","link":"https:\/\/secureus.se\/fi\/pallficka-a6l-vikbar-kant\/","title":{"rendered":"Lavatasku A6L taitettava reuna"},"content":{"rendered":"<p>Selke\u00e4t ja kattavat lavareunojen, kuormalavojen ja laatikoiden merkinn\u00e4t parantavat ja virtaviivaistavat ty\u00f6prosessia varastoissa ja tuotantolaitoksissa. N\u00e4m\u00e4 kest\u00e4v\u00e4st\u00e4 polypropeenista valmistetut muovitaskut ovat skannattavissa ja suojaavat vaihdettavia sis\u00e4osia lialta ja kulumiselta. Taskut toimitetaan littein\u00e4 ja ne on valmistettu taitettaviksi kahta eri toimintoa varten. Taita kerran ja siit\u00e4 tulee 90\u00b0 kulmassa oleva tasku, joka voidaan asettaa pinottujen laatikoiden v\u00e4liin. Pahviin ei tarvitse liimata mit\u00e4\u00e4n ja tasku pysyy paikoillaan yl\u00e4puolella olevan pahvin painolla. Taita kahdesti ja siit\u00e4 tulee kuin taivutettu tasku roikkumaan esim. kuormalavan reunojen yli, jotka ovat enint\u00e4\u00e4n 22 mm. Ilmainen malli etikettiin on saatavilla osoitteessa www.duraprint.se.<br \/>\nSis\u00e4mitat: A6L (148 x 105 mm L x K)<br \/>\nUlkomitat: 168 x 216 mm L x K<br \/>\nTarvikkeet: Tarrat A4-arkeille, art. nro 485102<\/p>","protected":false},"excerpt":{"rendered":"<p>Lavatasku lavojen kaulusten ja laatikoiden merkitsemiseen. Valitse taskun kiinnitt\u00e4minen pinottujen laatikoiden v\u00e4liin tai lavan reunan yli ripustamiseen.<\/p>","protected":false},"featured_media":133676,"template":"","meta":{"_acf_changed":false},"product_brand":[],"product_cat":[4306],"product_tag":[4387],"class_list":{"0":"post-117306","1":"product","2":"type-product","3":"status-publish","4":"has-post-thumbnail","6":"product_cat-markning-pallstall","7":"product_tag-bla","8":"product_shipping_class-tunga-paket","9":"pa_brands-durable","10":"pa_farg-bla","11":"tm-no-options","13":"first","14":"instock","15":"sale","16":"taxable","17":"shipping-taxable","18":"purchasable","19":"product-type-simple"},"acf":[],"_links":{"self":[{"href":"https:\/\/secureus.se\/fi\/wp-json\/wp\/v2\/product\/117306","targetHints":{"allow":["GET"]}}],"collection":[{"href":"https:\/\/secureus.se\/fi\/wp-json\/wp\/v2\/product"}],"about":[{"href":"https:\/\/secureus.se\/fi\/wp-json\/wp\/v2\/types\/product"}],"wp:featuredmedia":[{"embeddable":true,"href":"https:\/\/secureus.se\/fi\/wp-json\/wp\/v2\/media\/133676"}],"wp:attachment":[{"href":"https:\/\/secureus.se\/fi\/wp-json\/wp\/v2\/media?parent=117306"}],"wp:term":[{"taxonomy":"product_brand","embeddable":true,"href":"https:\/\/secureus.se\/fi\/wp-json\/wp\/v2\/product_brand?post=117306"},{"taxonomy":"product_cat","embeddable":true,"href":"https:\/\/secureus.se\/fi\/wp-json\/wp\/v2\/product_cat?post=117306"},{"taxonomy":"product_tag","embeddable":true,"href":"https:\/\/secureus.se\/fi\/wp-json\/wp\/v2\/product_tag?post=117306"}],"curies":[{"name":"wp","href":"https:\/\/api.w.org\/{rel}","templated":true}]}}