{"id":117360,"date":"2024-11-05T17:13:19","date_gmt":"2024-11-05T16:13:19","guid":{"rendered":"https:\/\/secureus.se\/?post_type=product&#038;p=117360"},"modified":"2026-01-12T12:54:27","modified_gmt":"2026-01-12T11:54:27","slug":"tablet-holder-wall","status":"publish","type":"product","link":"https:\/\/secureus.se\/fi\/tablet-holder-wall\/","title":{"rendered":"Tablettipitimen SEIN\u00c4"},"content":{"rendered":"<p>Tyylik\u00e4s ja toimiva sein\u00e4\u00e4n kiinnitett\u00e4v\u00e4 tablet-teline 7\u2033-13\u2033 (160-275 mm) tableteille. Tiedoille ja paljastuksille messuilla, myynti- ja n\u00e4yttelytiloissa ja muissa paikoissa. L\u00e4hell\u00e4 sein\u00e4\u00e4 ja helppo asentaa. Telinett\u00e4, jonka kumip\u00e4\u00e4llysteiset pinnat suojaavat tablettia naarmuilta ja vaurioilta, voidaan k\u00e4\u00e4nt\u00e4\u00e4 360\u00b0 nelj\u00e4ll\u00e4 pys\u00e4ytysasennolla 90\u00b0 v\u00e4lein k\u00e4ytett\u00e4v\u00e4ksi pysty- tai vaakasuunnassa. Tabletti on helppo asettaa paikalleen ja irrottaa pidikkeest\u00e4, joka on lukittu erikoisavaimella varkauden est\u00e4miseksi. Latauskaapeli liitet\u00e4\u00e4n pidikkeess\u00e4 olevan aukon kautta. Helposti asennettava, vahva ja turvallinen sein\u00e4teline mukaan lukien ruuvi ja tulppa.<br \/>\nTabletin enimm\u00e4ispaino 1 kg.<br \/>\nMateriaalit: alumiini, ABS-muovi<br \/>\nMitat: 85 x 50 x 180 mm (L x K x S)<\/p>","protected":false},"excerpt":{"rendered":"<p>Tabletin pidike. Sein\u00e4teline esittelyihin ja tiedottamiseen messuilla, myym\u00e4l\u00f6iss\u00e4 sek\u00e4 myynti- ja esittelytiloissa.<\/p>","protected":false},"featured_media":136577,"template":"","meta":{"_acf_changed":false},"product_brand":[],"product_cat":[4236],"product_tag":[4382],"class_list":{"0":"post-117360","1":"product","2":"type-product","3":"status-publish","4":"has-post-thumbnail","6":"product_cat-surfplattehallare","7":"product_tag-silver","8":"product_shipping_class-tunga-paket","9":"pa_brands-durable","10":"pa_farg-silver","11":"tm-no-options","13":"first","14":"instock","15":"sale","16":"taxable","17":"shipping-taxable","18":"purchasable","19":"product-type-simple"},"acf":[],"_links":{"self":[{"href":"https:\/\/secureus.se\/fi\/wp-json\/wp\/v2\/product\/117360","targetHints":{"allow":["GET"]}}],"collection":[{"href":"https:\/\/secureus.se\/fi\/wp-json\/wp\/v2\/product"}],"about":[{"href":"https:\/\/secureus.se\/fi\/wp-json\/wp\/v2\/types\/product"}],"wp:featuredmedia":[{"embeddable":true,"href":"https:\/\/secureus.se\/fi\/wp-json\/wp\/v2\/media\/136577"}],"wp:attachment":[{"href":"https:\/\/secureus.se\/fi\/wp-json\/wp\/v2\/media?parent=117360"}],"wp:term":[{"taxonomy":"product_brand","embeddable":true,"href":"https:\/\/secureus.se\/fi\/wp-json\/wp\/v2\/product_brand?post=117360"},{"taxonomy":"product_cat","embeddable":true,"href":"https:\/\/secureus.se\/fi\/wp-json\/wp\/v2\/product_cat?post=117360"},{"taxonomy":"product_tag","embeddable":true,"href":"https:\/\/secureus.se\/fi\/wp-json\/wp\/v2\/product_tag?post=117360"}],"curies":[{"name":"wp","href":"https:\/\/api.w.org\/{rel}","templated":true}]}}