{"id":117387,"date":"2024-11-20T14:15:57","date_gmt":"2024-11-20T13:15:57","guid":{"rendered":"https:\/\/secureus.se\/?post_type=product&#038;p=117387"},"modified":"2026-01-12T12:05:57","modified_gmt":"2026-01-12T11:05:57","slug":"plastficka-a4s-med-fastband","status":"publish","type":"product","link":"https:\/\/secureus.se\/fi\/plastficka-a4s-med-fastband\/","title":{"rendered":"Muovitasku A4S kiinnityshihnalla"},"content":{"rendered":"<p>Selke\u00e4t ja kattavat kaappien, ovien, s\u00e4ili\u00f6iden ja verkkoristikkojen seinien merkinn\u00e4t parantavat ja virtaviivaistavat ty\u00f6prosessia varastoissa ja tuotantotiloissa. Kest\u00e4v\u00e4st\u00e4 polypropeenista valmistetut muovitaskut voidaan lukea skannerilla. Suojus tarkoittaa, ett\u00e4 inlay on suojattu lialta ja kosteudelta my\u00f6s ulkona. Kiinnitet\u00e4\u00e4n kahdella nuolen muotoisella hihnalla, jotka pujotetaan taskun yl\u00e4osassa olevien reikien l\u00e4pi ja kiinnitet\u00e4\u00e4n sitten tiukasti ristikkoon. Ilmainen malli etikettiin on saatavilla osoitteessa www.duraprint.se.<br \/>\nSis\u00e4mitat: A4S (210\u00d7297 mm L x K)<br \/>\nUlkomitat: 223\u00d7530 mm (L x K)<br \/>\nTarvikkeet: Tarrat A4-arkeille, art. nro 485602<\/p>","protected":false},"excerpt":{"rendered":"<p>Muovitasku itselukittuvalla hihnalla ripustamiseen erityyppisiin verkkoihin, kuten verkkoseiniin ja verkkok\u00e4rryihin. Suojakuori aukon p\u00e4\u00e4ll\u00e4.<\/p>","protected":false},"featured_media":133866,"template":"","meta":{"_acf_changed":false},"product_brand":[],"product_cat":[4306],"product_tag":[4387],"class_list":{"0":"post-117387","1":"product","2":"type-product","3":"status-publish","4":"has-post-thumbnail","6":"product_cat-markning-pallstall","7":"product_tag-bla","8":"product_shipping_class-tunga-paket","9":"pa_brands-durable","10":"pa_farg-bla","11":"tm-no-options","13":"first","14":"instock","15":"sale","16":"taxable","17":"shipping-taxable","18":"purchasable","19":"product-type-simple"},"acf":[],"_links":{"self":[{"href":"https:\/\/secureus.se\/fi\/wp-json\/wp\/v2\/product\/117387","targetHints":{"allow":["GET"]}}],"collection":[{"href":"https:\/\/secureus.se\/fi\/wp-json\/wp\/v2\/product"}],"about":[{"href":"https:\/\/secureus.se\/fi\/wp-json\/wp\/v2\/types\/product"}],"wp:featuredmedia":[{"embeddable":true,"href":"https:\/\/secureus.se\/fi\/wp-json\/wp\/v2\/media\/133866"}],"wp:attachment":[{"href":"https:\/\/secureus.se\/fi\/wp-json\/wp\/v2\/media?parent=117387"}],"wp:term":[{"taxonomy":"product_brand","embeddable":true,"href":"https:\/\/secureus.se\/fi\/wp-json\/wp\/v2\/product_brand?post=117387"},{"taxonomy":"product_cat","embeddable":true,"href":"https:\/\/secureus.se\/fi\/wp-json\/wp\/v2\/product_cat?post=117387"},{"taxonomy":"product_tag","embeddable":true,"href":"https:\/\/secureus.se\/fi\/wp-json\/wp\/v2\/product_tag?post=117387"}],"curies":[{"name":"wp","href":"https:\/\/api.w.org\/{rel}","templated":true}]}}