{"id":117508,"date":"2024-11-05T16:59:30","date_gmt":"2024-11-05T15:59:30","guid":{"rendered":"https:\/\/secureus.se\/?post_type=product&#038;p=117508"},"modified":"2026-01-12T12:57:23","modified_gmt":"2026-01-12T11:57:23","slug":"kantskydd-e8","status":"publish","type":"product","link":"https:\/\/secureus.se\/fi\/kantskydd-e8\/","title":{"rendered":"Reunasuojaus E8"},"content":{"rendered":"<p>Varoitus- ja suojaprofiileja, kuten t\u00e4t\u00e4 neli\u00f6m\u00e4ist\u00e4 reunasuojaa, k\u00e4ytet\u00e4\u00e4n teollisuudessa ja muissa sis\u00e4ymp\u00e4rist\u00f6iss\u00e4 suojaamaan ihmisi\u00e4, ajoneuvoja ja kalusteita pienten t\u00f6rm\u00e4ysten sattuessa. Mustat\/keltaiset raidat varoittavat ulkonevista palkkeista ja reunoista ja polyuretaanivaahto, josta suojaprofiili on valmistettu, on iskuja vaimentava. Itseliimautuva reunasuoja leikataan haluttuun pituuteen ter\u00e4v\u00e4ll\u00e4 veitsell\u00e4. Vahva, hyv\u00e4laatuinen itseliimautuva liimapinta, joka kiinnittyy mm. metalliin, puuhun, pahviin ja laattoihin parhaiten, jos l\u00e4mp\u00f6tila on 10-30\u00b0C. ASR A1.3:n mukaiset v\u00e4ris\u00e4vyt, jotka vastaavat RAL 1004\/9003:a (signaalinkeltainen\/signaalimusta).<br \/>\nTestattu paloluokituksen DIN EN 13501-1 luokan E mukaan.<br \/>\nKest\u00e4\u00e4 l\u00e4mp\u00f6tilaa -30\u00b0C \u2013 +70\u00b0C.<br \/>\nPituus 1 m. Profiili on 25 mm leve\u00e4, 30 mm korkea, liimapinnat 19 + 8 + 19 mm<\/p>","protected":false},"excerpt":{"rendered":"<p>Itsekiinnittyv\u00e4 reunasuojaus iskuja vaimentavalla vaikutuksella. Mustat\/keltaiset raidat varoittavat ja kiinnitt\u00e4v\u00e4t huomion mahdollisesta vaarasta.<\/p>","protected":false},"featured_media":136999,"template":"","meta":{"_acf_changed":false},"product_brand":[],"product_cat":[4239],"product_tag":[4386],"class_list":{"0":"post-117508","1":"product","2":"type-product","3":"status-publish","4":"has-post-thumbnail","6":"product_cat-varnings-skyddsprofiler","7":"product_tag-gul-svart","8":"product_shipping_class-tunga-paket","9":"pa_brands-durable","10":"pa_farg-gul-svart","11":"tm-no-options","13":"first","14":"instock","15":"sale","16":"taxable","17":"shipping-taxable","18":"purchasable","19":"product-type-simple"},"acf":[],"_links":{"self":[{"href":"https:\/\/secureus.se\/fi\/wp-json\/wp\/v2\/product\/117508","targetHints":{"allow":["GET"]}}],"collection":[{"href":"https:\/\/secureus.se\/fi\/wp-json\/wp\/v2\/product"}],"about":[{"href":"https:\/\/secureus.se\/fi\/wp-json\/wp\/v2\/types\/product"}],"wp:featuredmedia":[{"embeddable":true,"href":"https:\/\/secureus.se\/fi\/wp-json\/wp\/v2\/media\/136999"}],"wp:attachment":[{"href":"https:\/\/secureus.se\/fi\/wp-json\/wp\/v2\/media?parent=117508"}],"wp:term":[{"taxonomy":"product_brand","embeddable":true,"href":"https:\/\/secureus.se\/fi\/wp-json\/wp\/v2\/product_brand?post=117508"},{"taxonomy":"product_cat","embeddable":true,"href":"https:\/\/secureus.se\/fi\/wp-json\/wp\/v2\/product_cat?post=117508"},{"taxonomy":"product_tag","embeddable":true,"href":"https:\/\/secureus.se\/fi\/wp-json\/wp\/v2\/product_tag?post=117508"}],"curies":[{"name":"wp","href":"https:\/\/api.w.org\/{rel}","templated":true}]}}