{"id":117539,"date":"2024-11-20T14:16:24","date_gmt":"2024-11-20T13:16:24","guid":{"rendered":"https:\/\/secureus.se\/?post_type=product&#038;p=117539"},"modified":"2026-01-12T12:06:15","modified_gmt":"2026-01-12T11:06:15","slug":"plastficka-a6l-sjalvhaftande","status":"publish","type":"product","link":"https:\/\/secureus.se\/fi\/plastficka-a6l-sjalvhaftande\/","title":{"rendered":"Muovitasku A6L itseliimautuva"},"content":{"rendered":"<p>Hyllyjen, kaappien, ovien, kuormalavojen, s\u00e4ili\u00f6iden ja muiden tilojen selke\u00e4 ja ytimek\u00e4s merkint\u00e4 parantaa ja tehostaa ty\u00f6prosesseja varastoissa ja tuotantolaitoksissa. Kest\u00e4v\u00e4st\u00e4 polypropeenista valmistetut itseliimautuvat muovitaskut voidaan lukea skannerilla ja ne suojaavat vaihdettavia etikettej\u00e4 lialta. Kaksi takaosassa olevaa tarranauhaa pit\u00e4v\u00e4t taskun paikoillaan. Ilmainen etikettipohja on saatavilla osoitteesta www.duraprint.se.<br \/>\nSis\u00e4mitat: A6L (148 x 105 mm L x K)<br \/>\nUlkomitat: 163 \u00d7 120 mm (L x K)<br \/>\nTarvikkeet: Tarrat A4-arkeille, art. nro 485102<\/p>","protected":false},"excerpt":{"rendered":"<p>Muovitasku, jossa kaksi itseliimautuvaa nauhaa takana. Pysyv\u00e4mp\u00e4\u00e4n k\u00e4ytt\u00f6\u00f6n esim. lavoille ja konteille.<\/p>","protected":false},"featured_media":133789,"template":"","meta":{"_acf_changed":false},"product_brand":[],"product_cat":[4306],"product_tag":[4387],"class_list":{"0":"post-117539","1":"product","2":"type-product","3":"status-publish","4":"has-post-thumbnail","6":"product_cat-markning-pallstall","7":"product_tag-bla","8":"product_shipping_class-tunga-paket","9":"pa_brands-durable","10":"pa_farg-bla","11":"tm-no-options","13":"first","14":"instock","15":"sale","16":"taxable","17":"shipping-taxable","18":"purchasable","19":"product-type-simple"},"acf":[],"_links":{"self":[{"href":"https:\/\/secureus.se\/fi\/wp-json\/wp\/v2\/product\/117539","targetHints":{"allow":["GET"]}}],"collection":[{"href":"https:\/\/secureus.se\/fi\/wp-json\/wp\/v2\/product"}],"about":[{"href":"https:\/\/secureus.se\/fi\/wp-json\/wp\/v2\/types\/product"}],"wp:featuredmedia":[{"embeddable":true,"href":"https:\/\/secureus.se\/fi\/wp-json\/wp\/v2\/media\/133789"}],"wp:attachment":[{"href":"https:\/\/secureus.se\/fi\/wp-json\/wp\/v2\/media?parent=117539"}],"wp:term":[{"taxonomy":"product_brand","embeddable":true,"href":"https:\/\/secureus.se\/fi\/wp-json\/wp\/v2\/product_brand?post=117539"},{"taxonomy":"product_cat","embeddable":true,"href":"https:\/\/secureus.se\/fi\/wp-json\/wp\/v2\/product_cat?post=117539"},{"taxonomy":"product_tag","embeddable":true,"href":"https:\/\/secureus.se\/fi\/wp-json\/wp\/v2\/product_tag?post=117539"}],"curies":[{"name":"wp","href":"https:\/\/api.w.org\/{rel}","templated":true}]}}