{"id":117561,"date":"2024-11-05T16:46:54","date_gmt":"2024-11-05T15:46:54","guid":{"rendered":"https:\/\/secureus.se\/?post_type=product&#038;p=117561"},"modified":"2026-01-12T12:56:21","modified_gmt":"2026-01-12T11:56:21","slug":"surfplattehallare-tough-floor","status":"publish","type":"product","link":"https:\/\/secureus.se\/fi\/surfplattehallare-tough-floor\/","title":{"rendered":"Surffilaudan pidike TOUGH FLOOOR"},"content":{"rendered":"<p>Tablettiteline TOUGH FLOOR on lattiateline, jossa on pidike tableteille, joiden koko on 7&quot;-13&quot; (160-275 mm), paksuus max 8 mm. Tiedon jakamiseen ja esittelyihin myym\u00e4l\u00f6iss\u00e4, vastaanotoissa, myynneiss\u00e4 ja esittelytiloissa. Valmistettu paloa hidastavasta materiaalista. Telinett\u00e4, jonka kumip\u00e4\u00e4llysteiset pinnat suojaavat tablettia naarmuilta ja vaurioilta, voidaan k\u00e4\u00e4nt\u00e4\u00e4 360\u00b0. Ergonominen joustavan hanhenkaulan ansiosta, joka mahdollistaa yksil\u00f6llisen ja portaaton korkeudens\u00e4\u00e4d\u00f6n. Tabletti on helppo asettaa paikalleen ja irrottaa pidikkeest\u00e4, joka on lukittu erikoisavaimella varkauden est\u00e4miseksi. Lis\u00e4ksi koko p\u00f6yt\u00e4teline voidaan lukita ulkoisella kaapelilukolla &quot;Minisaver mobile lock&quot; Kensingtonilta. Latauskaapeli liitet\u00e4\u00e4n pidikkeess\u00e4 olevan aukon kautta.<br \/>\nTabletin enimm\u00e4ispaino 1 kg.<br \/>\nJalustan maksimikorkeus 1180 mm<br \/>\nMitat: 305 x 1180 x 305 mm (L x K x S)<\/p>","protected":false},"excerpt":{"rendered":"<p>Lattiateline tablettipidikkeell\u00e4 7-13&quot; tabletille. Taivutettava hanhenkaula ja pallonivel.<\/p>","protected":false},"featured_media":136508,"template":"","meta":{"_acf_changed":false},"product_brand":[],"product_cat":[4236],"product_tag":[4381],"class_list":{"0":"post-117561","1":"product","2":"type-product","3":"status-publish","4":"has-post-thumbnail","6":"product_cat-surfplattehallare","7":"product_tag-svart","8":"product_shipping_class-tunga-paket","9":"pa_brands-durable","10":"pa_farg-svart","11":"tm-no-options","13":"first","14":"instock","15":"sale","16":"taxable","17":"shipping-taxable","18":"purchasable","19":"product-type-simple"},"acf":[],"_links":{"self":[{"href":"https:\/\/secureus.se\/fi\/wp-json\/wp\/v2\/product\/117561","targetHints":{"allow":["GET"]}}],"collection":[{"href":"https:\/\/secureus.se\/fi\/wp-json\/wp\/v2\/product"}],"about":[{"href":"https:\/\/secureus.se\/fi\/wp-json\/wp\/v2\/types\/product"}],"wp:featuredmedia":[{"embeddable":true,"href":"https:\/\/secureus.se\/fi\/wp-json\/wp\/v2\/media\/136508"}],"wp:attachment":[{"href":"https:\/\/secureus.se\/fi\/wp-json\/wp\/v2\/media?parent=117561"}],"wp:term":[{"taxonomy":"product_brand","embeddable":true,"href":"https:\/\/secureus.se\/fi\/wp-json\/wp\/v2\/product_brand?post=117561"},{"taxonomy":"product_cat","embeddable":true,"href":"https:\/\/secureus.se\/fi\/wp-json\/wp\/v2\/product_cat?post=117561"},{"taxonomy":"product_tag","embeddable":true,"href":"https:\/\/secureus.se\/fi\/wp-json\/wp\/v2\/product_tag?post=117561"}],"curies":[{"name":"wp","href":"https:\/\/api.w.org\/{rel}","templated":true}]}}