{"id":117615,"date":"2024-11-05T16:58:57","date_gmt":"2024-11-05T15:58:57","guid":{"rendered":"https:\/\/secureus.se\/?post_type=product&#038;p=117615"},"modified":"2026-01-12T12:35:30","modified_gmt":"2026-01-12T11:35:30","slug":"sekretessfilter-magnetic-macbook-pro-16-2021","status":"publish","type":"product","link":"https:\/\/secureus.se\/fi\/sekretessfilter-magnetic-macbook-pro-16-2021\/","title":{"rendered":"Tietosuojasuodatin MAGNETIC MacBook\u00ae Pro 16&quot; (2021)"},"content":{"rendered":"<p>Koska on tavallista ty\u00f6skennell\u00e4 useammissa paikoissa kuin toimistossa \u2013 junissa, lennoilla tai julkisilla paikoilla, joissa on paljon ihmisi\u00e4, kuten kahviloissa, my\u00f6s riski siit\u00e4, ett\u00e4 luvattomat n\u00e4kev\u00e4t tai n\u00e4kev\u00e4t tietoja, joita emme halua tai emme saa jakaa, kasvaa. Suojaa tietokoneesi n\u00e4ytt\u00f6\u00e4 yksityisyyssuodattimilla visuaalista hakkerointia ja uteliailta katseilta vastaan. Suodattimen yl\u00e4reunassa olevat magneetit helpottavat yksityisyydensuojasuodattimen kiinnitt\u00e4mist\u00e4 ja poistamista MacBookin magneettisen n\u00e4yt\u00f6n reunasta. Kun suodatin ei ole k\u00e4yt\u00f6ss\u00e4, se voidaan tallentaa mukana tulevaan tallennuskansioon. Yksityisyyssuodatin tekee n\u00e4yt\u00f6n tumman molemmilta puolilta 30\u00b0 kulmassa, mutta antaa k\u00e4ytt\u00e4j\u00e4lle selke\u00e4n n\u00e4ytt\u00f6kuvan edest\u00e4. Sivulta katsottuna yksityisyydensuojasuodatin est\u00e4\u00e4 &quot;sneak peeks&quot; 60\u00b0 kulmassa. Suodattimen mattapintainen pinta v\u00e4hent\u00e4\u00e4 silmien rasitusta ja v\u00e4hent\u00e4\u00e4 haitallista sinist\u00e4 valoa. Tietokoneen n\u00e4ytt\u00f6 on suojattu naarmuilta ja p\u00f6lylt\u00e4 yksityisyydensuojasuodattimella, ja sit\u00e4 voidaan k\u00e4ytt\u00e4\u00e4 my\u00f6s kosketusn\u00e4yt\u00f6iss\u00e4. Mukana tulee mikrokuituliina tietokoneen n\u00e4yt\u00f6n ja suojasuodattimen puhdistamiseen.<br \/>\nT\u00e4m\u00e4 tietosuojasuodatin on tarkoitettu MacBook* Pro\u00ae 16&quot; (2021) -n\u00e4yt\u00f6ille. Yksityisyyssuodattimen mitat ovat 353 x 229,3 mm (LxK).<br \/>\n* Apple Inc., One Apple Park Way, Cupertino CA 95014, US rekister\u00f6ity tavaramerkki<\/p>","protected":false},"excerpt":{"rendered":"<p>Yksityisyyssuodatin magneettikiinnikkeell\u00e4, joka suojaa tietokoneesi n\u00e4yt\u00f6n yksityisyytt\u00e4 luvattomilta katseilta. Toimitetaan k\u00e4yt\u00e4nn\u00f6llisess\u00e4 s\u00e4ilytystaskussa. MacBook Pro\u00ae16&quot; (2021)<\/p>","protected":false},"featured_media":136054,"template":"","meta":{"_acf_changed":false},"product_brand":[],"product_cat":[4242],"product_tag":[4394],"class_list":{"0":"post-117615","1":"product","2":"type-product","3":"status-publish","4":"has-post-thumbnail","6":"product_cat-sekretessfilter","7":"product_tag-antracitgra","8":"product_shipping_class-tunga-paket","9":"pa_brands-durable","10":"pa_farg-antracitgra","11":"tm-no-options","13":"first","14":"instock","15":"sale","16":"taxable","17":"shipping-taxable","18":"purchasable","19":"product-type-simple"},"acf":[],"_links":{"self":[{"href":"https:\/\/secureus.se\/fi\/wp-json\/wp\/v2\/product\/117615","targetHints":{"allow":["GET"]}}],"collection":[{"href":"https:\/\/secureus.se\/fi\/wp-json\/wp\/v2\/product"}],"about":[{"href":"https:\/\/secureus.se\/fi\/wp-json\/wp\/v2\/types\/product"}],"wp:featuredmedia":[{"embeddable":true,"href":"https:\/\/secureus.se\/fi\/wp-json\/wp\/v2\/media\/136054"}],"wp:attachment":[{"href":"https:\/\/secureus.se\/fi\/wp-json\/wp\/v2\/media?parent=117615"}],"wp:term":[{"taxonomy":"product_brand","embeddable":true,"href":"https:\/\/secureus.se\/fi\/wp-json\/wp\/v2\/product_brand?post=117615"},{"taxonomy":"product_cat","embeddable":true,"href":"https:\/\/secureus.se\/fi\/wp-json\/wp\/v2\/product_cat?post=117615"},{"taxonomy":"product_tag","embeddable":true,"href":"https:\/\/secureus.se\/fi\/wp-json\/wp\/v2\/product_tag?post=117615"}],"curies":[{"name":"wp","href":"https:\/\/api.w.org\/{rel}","templated":true}]}}