{"id":117639,"date":"2024-11-05T16:58:40","date_gmt":"2024-11-05T15:58:40","guid":{"rendered":"https:\/\/secureus.se\/?post_type=product&#038;p=117639"},"modified":"2026-01-12T12:34:12","modified_gmt":"2026-01-12T11:34:12","slug":"skarmstativ-select-2-skarmar-bordsfaste","status":"publish","type":"product","link":"https:\/\/secureus.se\/fi\/skarmstativ-select-2-skarmar-bordsfaste\/","title":{"rendered":"N\u00e4yt\u00f6n teline SELECT 2 n\u00e4ytt\u00f6\u00e4, p\u00f6yt\u00e4teline"},"content":{"rendered":"<p>Sein\u00e4teline 2 n\u00e4yt\u00f6lle, p\u00f6yt\u00e4kiinnitys kaapelinreik\u00e4\u00e4n tai p\u00f6yt\u00e4telineeseen.<br \/>\nN\u00e4ytt\u00f6jen korkeus, kallistus ja asento ovat helposti ja yksil\u00f6llisesti s\u00e4\u00e4dett\u00e4viss\u00e4 ergonomisen ty\u00f6n helpottamiseksi.<br \/>\nVoidaan k\u00e4\u00e4nt\u00e4\u00e4 360\u00b0 k\u00e4ytett\u00e4v\u00e4ksi pysty- tai vaaka-asennossa.<br \/>\n3-niveliset varret voidaan pident\u00e4\u00e4 36 cm:iin.<br \/>\nN\u00e4ytt\u00f6jen portaaton korkeudens\u00e4\u00e4t\u00f6 44 cm korkealla jalustalla<br \/>\nYleisk\u00e4ytt\u00f6inen VESA-teline (75 x 75 mm tai 100 x 100 mm)<br \/>\nTavallisille n\u00e4yt\u00f6ille 27&quot; asti ja enint\u00e4\u00e4n 8 kg per n\u00e4ytt\u00f6<br \/>\nKaapelin hallinta: Suojakaapeli johdetaan jalustaa pitkin 5 puristimella, mik\u00e4 suojaa kaapelin katkeamiselta.<\/p>","protected":false},"excerpt":{"rendered":"<p>Sein\u00e4teline SELECT varrella 2 n\u00e4yt\u00f6lle, p\u00f6yt\u00e4teline<\/p>","protected":false},"featured_media":136075,"template":"","meta":{"_acf_changed":false},"product_brand":[],"product_cat":[4243],"product_tag":[4382],"class_list":{"0":"post-117639","1":"product","2":"type-product","3":"status-publish","4":"has-post-thumbnail","6":"product_cat-skarmhallare","7":"product_tag-silver","8":"product_shipping_class-tunga-paket","9":"pa_brands-durable","10":"pa_farg-silver","11":"tm-no-options","13":"first","14":"instock","15":"sale","16":"taxable","17":"shipping-taxable","18":"purchasable","19":"product-type-simple"},"acf":[],"_links":{"self":[{"href":"https:\/\/secureus.se\/fi\/wp-json\/wp\/v2\/product\/117639","targetHints":{"allow":["GET"]}}],"collection":[{"href":"https:\/\/secureus.se\/fi\/wp-json\/wp\/v2\/product"}],"about":[{"href":"https:\/\/secureus.se\/fi\/wp-json\/wp\/v2\/types\/product"}],"wp:featuredmedia":[{"embeddable":true,"href":"https:\/\/secureus.se\/fi\/wp-json\/wp\/v2\/media\/136075"}],"wp:attachment":[{"href":"https:\/\/secureus.se\/fi\/wp-json\/wp\/v2\/media?parent=117639"}],"wp:term":[{"taxonomy":"product_brand","embeddable":true,"href":"https:\/\/secureus.se\/fi\/wp-json\/wp\/v2\/product_brand?post=117639"},{"taxonomy":"product_cat","embeddable":true,"href":"https:\/\/secureus.se\/fi\/wp-json\/wp\/v2\/product_cat?post=117639"},{"taxonomy":"product_tag","embeddable":true,"href":"https:\/\/secureus.se\/fi\/wp-json\/wp\/v2\/product_tag?post=117639"}],"curies":[{"name":"wp","href":"https:\/\/api.w.org\/{rel}","templated":true}]}}