{"id":117737,"date":"2024-11-05T16:58:08","date_gmt":"2024-11-05T15:58:08","guid":{"rendered":"https:\/\/secureus.se\/?post_type=product&#038;p=117737"},"modified":"2026-01-12T12:23:15","modified_gmt":"2026-01-12T11:23:15","slug":"snappram-aluminium-a3","status":"publish","type":"product","link":"https:\/\/secureus.se\/fi\/snappram-aluminium-a3\/","title":{"rendered":"Kiinnityskehys alumiinia A3"},"content":{"rendered":"<p>Klassiset napsautuskehykset ovat hy\u00f6dyllisi\u00e4 esimerkiksi kuntosaleilla, toimistoissa, hotelleissa, messuilla ja myym\u00e4l\u00f6iss\u00e4 n\u00e4ytt\u00e4m\u00e4\u00e4n siististi vaihdettavia tietoja. Vaihda sis\u00e4osa k\u00e4\u00e4nt\u00e4m\u00e4ll\u00e4 yl\u00f6s kaikki 4 sivuprofiilia ja poistamalla UV-suojattu ja heijastamaton muovinen etuosa, joka suojaa sis\u00e4osaa. Runko on valmistettu 25 mm leve\u00e4st\u00e4 anodisoidusta alumiiniprofiilista, mik\u00e4 tekee alumiinipinnasta kest\u00e4v\u00e4mm\u00e4n. Napsautuskehyksen takaosa on valmistettu kest\u00e4v\u00e4st\u00e4 polystyreenist\u00e4. Piilotetut rei\u00e4t mukana toimitetulle ruuville ja tulpalle sek\u00e4 4 mukana toimitettua itseliimautuvaa nauhaa valinnaiseen sein\u00e4kiinnitykseen pysty- tai vaakasuunnassa.<br \/>\nUlkomitat: 451 x 327 x 12 mm, K x L x S<br \/>\nSis\u00e4mitat: 402 x 278 mm, K x L<\/p>","protected":false},"excerpt":{"rendered":"<p>Napsautuskehys 25 mm alumiiniprofiililla, A3-kokoisille lis\u00e4kkeille<\/p>","protected":false},"featured_media":136327,"template":"","meta":{"_acf_changed":false},"product_brand":[],"product_cat":[4336],"product_tag":[4382],"class_list":{"0":"post-117737","1":"product","2":"type-product","3":"status-publish","4":"has-post-thumbnail","6":"product_cat-snappram","7":"product_tag-silver","8":"product_shipping_class-tunga-paket","9":"pa_brands-durable","10":"pa_farg-silver","11":"tm-no-options","13":"first","14":"instock","15":"sale","16":"taxable","17":"shipping-taxable","18":"purchasable","19":"product-type-simple"},"acf":[],"_links":{"self":[{"href":"https:\/\/secureus.se\/fi\/wp-json\/wp\/v2\/product\/117737","targetHints":{"allow":["GET"]}}],"collection":[{"href":"https:\/\/secureus.se\/fi\/wp-json\/wp\/v2\/product"}],"about":[{"href":"https:\/\/secureus.se\/fi\/wp-json\/wp\/v2\/types\/product"}],"wp:featuredmedia":[{"embeddable":true,"href":"https:\/\/secureus.se\/fi\/wp-json\/wp\/v2\/media\/136327"}],"wp:attachment":[{"href":"https:\/\/secureus.se\/fi\/wp-json\/wp\/v2\/media?parent=117737"}],"wp:term":[{"taxonomy":"product_brand","embeddable":true,"href":"https:\/\/secureus.se\/fi\/wp-json\/wp\/v2\/product_brand?post=117737"},{"taxonomy":"product_cat","embeddable":true,"href":"https:\/\/secureus.se\/fi\/wp-json\/wp\/v2\/product_cat?post=117737"},{"taxonomy":"product_tag","embeddable":true,"href":"https:\/\/secureus.se\/fi\/wp-json\/wp\/v2\/product_tag?post=117737"}],"curies":[{"name":"wp","href":"https:\/\/api.w.org\/{rel}","templated":true}]}}