{"id":117767,"date":"2024-11-05T16:57:51","date_gmt":"2024-11-05T15:57:51","guid":{"rendered":"https:\/\/secureus.se\/?post_type=product&#038;p=117767"},"modified":"2026-01-12T12:24:11","modified_gmt":"2026-01-12T11:24:11","slug":"golvstativ-snappram-a3","status":"publish","type":"product","link":"https:\/\/secureus.se\/fi\/golvstativ-snappram-a3\/","title":{"rendered":"Lattiatelineen kiinnityskehys A3"},"content":{"rendered":"<p>Kylttiteline nepparikehyksell\u00e4 ja kromatulla teleskooppitelineell\u00e4, joka on s\u00e4\u00e4dett\u00e4viss\u00e4 86-129 cm (pysty A4). Eritt\u00e4in hy\u00f6dyllinen museoissa, n\u00e4yttelyiss\u00e4, vastaanotoissa ja muissa paikoissa sellaisten tietojen n\u00e4ytt\u00e4miseksi, jotka on ehk\u00e4 vaihdettava jossain vaiheessa. Vaihda sis\u00e4osa k\u00e4\u00e4nt\u00e4m\u00e4ll\u00e4 yl\u00f6s kaikki 4 sivuprofiilia ja poistamalla UV-suojattu ja heijastamaton muovinen etuosa, joka suojaa sis\u00e4osaa. Runko on valmistettu anodisoidusta alumiiniprofiilista, mik\u00e4 tekee alumiinipinnasta kest\u00e4v\u00e4mm\u00e4n. Infotelineen takaosa on valmistettu kest\u00e4v\u00e4st\u00e4 polystyreenist\u00e4. S\u00e4\u00e4dett\u00e4v\u00e4 lukukulma ja k\u00e4\u00e4nnett\u00e4viss\u00e4 pysty- tai vaakamuotoon asetettaviksi. Py\u00f6re\u00e4 jalka (\u00d8 25 cm), jonka alla on kumirengas suojaamaan lattiaa naarmuilta. Jalka voidaan my\u00f6s t\u00e4ytt\u00e4\u00e4 1,1 kg:lla hiekkaa lis\u00e4\u00e4m\u00e4\u00e4n vakautta.<br \/>\nTarvikkeet: 1,5 kg hiekkaa, tuotenro 333516.<\/p>","protected":false},"excerpt":{"rendered":"<p>Lattialla seisova kylttiteline napsautuskehyksell\u00e4 A3-kokoon. S\u00e4\u00e4dett\u00e4v\u00e4 korkeus ja lukukulma ja k\u00e4\u00e4nnett\u00e4viss\u00e4 pysty- tai vaakamuotoon.<\/p>","protected":false},"featured_media":135843,"template":"","meta":{"_acf_changed":false},"product_brand":[],"product_cat":[4304],"product_tag":[4382],"class_list":{"0":"post-117767","1":"product","2":"type-product","3":"status-publish","4":"has-post-thumbnail","6":"product_cat-broschyrstall-golvstativ","7":"product_tag-silver","8":"product_shipping_class-tunga-paket","9":"pa_brands-durable","10":"pa_farg-silver","11":"tm-no-options","13":"first","14":"instock","15":"sale","16":"taxable","17":"shipping-taxable","18":"purchasable","19":"product-type-simple"},"acf":[],"_links":{"self":[{"href":"https:\/\/secureus.se\/fi\/wp-json\/wp\/v2\/product\/117767","targetHints":{"allow":["GET"]}}],"collection":[{"href":"https:\/\/secureus.se\/fi\/wp-json\/wp\/v2\/product"}],"about":[{"href":"https:\/\/secureus.se\/fi\/wp-json\/wp\/v2\/types\/product"}],"wp:featuredmedia":[{"embeddable":true,"href":"https:\/\/secureus.se\/fi\/wp-json\/wp\/v2\/media\/135843"}],"wp:attachment":[{"href":"https:\/\/secureus.se\/fi\/wp-json\/wp\/v2\/media?parent=117767"}],"wp:term":[{"taxonomy":"product_brand","embeddable":true,"href":"https:\/\/secureus.se\/fi\/wp-json\/wp\/v2\/product_brand?post=117767"},{"taxonomy":"product_cat","embeddable":true,"href":"https:\/\/secureus.se\/fi\/wp-json\/wp\/v2\/product_cat?post=117767"},{"taxonomy":"product_tag","embeddable":true,"href":"https:\/\/secureus.se\/fi\/wp-json\/wp\/v2\/product_tag?post=117767"}],"curies":[{"name":"wp","href":"https:\/\/api.w.org\/{rel}","templated":true}]}}