{"id":117982,"date":"2024-11-05T17:02:33","date_gmt":"2024-11-05T16:02:33","guid":{"rendered":"https:\/\/secureus.se\/?post_type=product&#038;p=117982"},"modified":"2026-01-12T12:04:34","modified_gmt":"2026-01-12T11:04:34","slug":"varseldekal-anvand-varselklader","status":"publish","type":"product","link":"https:\/\/secureus.se\/fi\/varseldekal-anvand-varselklader\/","title":{"rendered":"Varoitustarra &quot;K\u00e4yt\u00e4 varoitusvaatteita&quot;"},"content":{"rendered":"<p>Itsekiinnittyv\u00e4 iso lattiatarra &quot;K\u00e4yt\u00e4 varoitusvaatteita&quot; neuvoo vierailijoita ja henkil\u00f6kuntaa k\u00e4ytt\u00e4m\u00e4\u00e4n turvaliivi\u00e4 tai vastaavaa, jotta ne n\u00e4kyv\u00e4t kunnolla ja v\u00e4hennet\u00e4\u00e4n onnettomuusriski\u00e4. Kiinnittyy puhtaisiin ja kuiviin betonilattioihin. Kest\u00e4v\u00e4 ja kest\u00e4v\u00e4, liukastumisenestoluokitus R9 DIN 51130 mukaisesti. Kilvet t\u00e4ytt\u00e4v\u00e4t ISO 7010 vaatimukset.<br \/>\nMitat: \u00d8 430 mm, paksuus 0,4 mm<\/p>","protected":false},"excerpt":{"rendered":"<p>Itsekiinnittyv\u00e4 pakollinen kyltti lattiamaalaukseen. Kertoo selke\u00e4sti turvaliivin k\u00e4yt\u00f6st\u00e4 ja lis\u00e4\u00e4 turvallisuutta ja riskitietoisuutta.<\/p>","protected":false},"featured_media":136280,"template":"","meta":{"_acf_changed":false},"product_brand":[],"product_cat":[4307],"product_tag":[4387],"class_list":{"0":"post-117982","1":"product","2":"type-product","3":"status-publish","4":"has-post-thumbnail","6":"product_cat-sakerhetsmarkning","7":"product_tag-bla","8":"product_shipping_class-tunga-paket","9":"pa_brands-durable","10":"pa_farg-bla","11":"tm-no-options","13":"first","14":"instock","15":"sale","16":"taxable","17":"shipping-taxable","18":"purchasable","19":"product-type-simple"},"acf":[],"_links":{"self":[{"href":"https:\/\/secureus.se\/fi\/wp-json\/wp\/v2\/product\/117982","targetHints":{"allow":["GET"]}}],"collection":[{"href":"https:\/\/secureus.se\/fi\/wp-json\/wp\/v2\/product"}],"about":[{"href":"https:\/\/secureus.se\/fi\/wp-json\/wp\/v2\/types\/product"}],"wp:featuredmedia":[{"embeddable":true,"href":"https:\/\/secureus.se\/fi\/wp-json\/wp\/v2\/media\/136280"}],"wp:attachment":[{"href":"https:\/\/secureus.se\/fi\/wp-json\/wp\/v2\/media?parent=117982"}],"wp:term":[{"taxonomy":"product_brand","embeddable":true,"href":"https:\/\/secureus.se\/fi\/wp-json\/wp\/v2\/product_brand?post=117982"},{"taxonomy":"product_cat","embeddable":true,"href":"https:\/\/secureus.se\/fi\/wp-json\/wp\/v2\/product_cat?post=117982"},{"taxonomy":"product_tag","embeddable":true,"href":"https:\/\/secureus.se\/fi\/wp-json\/wp\/v2\/product_tag?post=117982"}],"curies":[{"name":"wp","href":"https:\/\/api.w.org\/{rel}","templated":true}]}}