{"id":118096,"date":"2024-11-05T16:54:07","date_gmt":"2024-11-05T15:54:07","guid":{"rendered":"https:\/\/secureus.se\/?post_type=product&#038;p=118096"},"modified":"2026-03-11T14:45:44","modified_gmt":"2026-03-11T13:45:44","slug":"etiketthallare-magnetisk-hard-cover-100x38-mm","status":"publish","type":"product","link":"https:\/\/secureus.se\/fi\/etiketthallare-magnetisk-hard-cover-100x38-mm\/","title":{"rendered":"Magneettinen tarrateline KOVAKANSI 100\u00d738 mm"},"content":{"rendered":"<p>Selke\u00e4 ja selke\u00e4sti j\u00e4rjestetty hyllyjen, kaappien, ovien, kuormalavojen, s\u00e4ili\u00f6iden ja muiden tilojen merkint\u00e4 parantaa ja tehostaa ty\u00f6prosesseja varastoissa ja tuotantolaitoksissa. L\u00e4pin\u00e4kyv\u00e4t, magneettiset etikettipidikkeet, jotka on valmistettu j\u00e4yk\u00e4st\u00e4 PET-muovista, voidaan lukea skannerilla. Etiketit on helppo vaihtaa, koska taskut ovat avoimia ylh\u00e4\u00e4lt\u00e4 ja molemmilta sivuilta ja niiss\u00e4 on my\u00f6s viistetyt kulmat, jotka helpottavat etiketin k\u00e4ytt\u00f6\u00e4. Kaksi magneettiraitaa takana varmistavat, ett\u00e4 tasku pysyy tukevasti paikallaan. Jokainen etikettipidike on peitetty l\u00e4pin\u00e4kyv\u00e4ll\u00e4 muovikalvolla, joka suojaa naarmuilta kuljetuksen ja varastoinnin aikana. Suojakalvo on helppo poistaa, kun tuotetta k\u00e4ytet\u00e4\u00e4n. Ilmainen etikettipohja on saatavilla osoitteesta www.duraprint.se.<br \/>\nSis\u00e4mitat: 100 x 38 mm (L x K)<br \/>\nUlkomitat: 103 x 43 mm (L x K)<br \/>\nTarvikkeet: Tarrat A4-arkeille, art. nro 102202<\/p>","protected":false},"excerpt":{"rendered":"<p>Tarrateline PET-muovia kahdella magneettinauhalla takana. K\u00e4ytet\u00e4\u00e4n esim. metallihyllyn reunoilla.<\/p>","protected":false},"featured_media":135886,"template":"","meta":{"_acf_changed":false},"product_brand":[],"product_cat":[4335],"product_tag":[4376],"class_list":{"0":"post-118096","1":"product","2":"type-product","3":"status-publish","4":"has-post-thumbnail","6":"product_cat-etiketthallare","7":"product_tag-transparent","8":"product_shipping_class-tunga-paket","9":"pa_brands-durable","10":"pa_farg-transparent","11":"tm-no-options","13":"first","14":"instock","15":"sale","16":"taxable","17":"shipping-taxable","18":"purchasable","19":"product-type-simple"},"acf":[],"_links":{"self":[{"href":"https:\/\/secureus.se\/fi\/wp-json\/wp\/v2\/product\/118096","targetHints":{"allow":["GET"]}}],"collection":[{"href":"https:\/\/secureus.se\/fi\/wp-json\/wp\/v2\/product"}],"about":[{"href":"https:\/\/secureus.se\/fi\/wp-json\/wp\/v2\/types\/product"}],"wp:featuredmedia":[{"embeddable":true,"href":"https:\/\/secureus.se\/fi\/wp-json\/wp\/v2\/media\/135886"}],"wp:attachment":[{"href":"https:\/\/secureus.se\/fi\/wp-json\/wp\/v2\/media?parent=118096"}],"wp:term":[{"taxonomy":"product_brand","embeddable":true,"href":"https:\/\/secureus.se\/fi\/wp-json\/wp\/v2\/product_brand?post=118096"},{"taxonomy":"product_cat","embeddable":true,"href":"https:\/\/secureus.se\/fi\/wp-json\/wp\/v2\/product_cat?post=118096"},{"taxonomy":"product_tag","embeddable":true,"href":"https:\/\/secureus.se\/fi\/wp-json\/wp\/v2\/product_tag?post=118096"}],"curies":[{"name":"wp","href":"https:\/\/api.w.org\/{rel}","templated":true}]}}