{"id":118113,"date":"2024-11-05T17:24:59","date_gmt":"2024-11-05T16:24:59","guid":{"rendered":"https:\/\/secureus.se\/?post_type=product&#038;p=118113"},"modified":"2026-01-12T12:38:16","modified_gmt":"2026-01-12T11:38:16","slug":"sherpa-table-10","status":"publish","type":"product","link":"https:\/\/secureus.se\/fi\/sherpa-table-10\/","title":{"rendered":"SHERPA\u00ae-TAULUKKO 10"},"content":{"rendered":"<p>Tieto- ja esittelytelineet, joilla on monia eri nimi\u00e4; paneeli, n\u00e4ytt\u00f6, yleiskuvausj\u00e4rjestelm\u00e4, siipirekisteri, PLU-pidike, asiakirjateline, lat dog.... Nimest\u00e4 riippumatta sill\u00e4 on monia k\u00e4ytt\u00f6tarkoituksia toimistoissa, kaupoissa, keitti\u00f6iss\u00e4, kassoilla, n\u00e4yttelyiss\u00e4 jne. Usein k\u00e4ytetty tieto tallennetaan, l\u00f6ydet\u00e4\u00e4n nopeasti ja on helposti katseltavissa yleiskatsausj\u00e4rjestelm\u00e4\u00e4n. SHERPA\u00ae TABLE on t\u00e4ydellinen p\u00f6yt\u00e4teline, jossa on 10 heijastamatonta, skannattavaa polypropeenista muovitaskua (5 punaista ja 5 mustaa) A4-kokoisille asiakirjoille. Voidaan laajentaa yhdell\u00e4 tai useammalla laajennusosalla kapasiteetin lis\u00e4\u00e4miseksi. Mukana irrotettava 58 mm:n otsikkoteline. Taskuja asetettaessa ja irrotettaessa taskua on hyv\u00e4 taivuttaa hieman varovasti keskelt\u00e4 pitk\u00e4\u00e4 sis\u00e4sivua pitkin, jolloin tasku on helppo laittaa paikalleen ja poistaa pitimen piikkej\u00e4 vahingoittamatta. Suuret kumijalat pit\u00e4v\u00e4t sen tukevasti paikallaan. 5 vuoden takuu. Takuuehdot l\u00f6ytyv\u00e4t t\u00e4\u00e4lt\u00e4: https:\/\/www.durable.se\/sv_SE\/service\/garanti\/garanti-foer-sherpa-vario\/<br \/>\nLis\u00e4varusteet: Laajennusosa 562457 (ilman taskuja) tai 581122 (harmailla ja mustilla taskuilla)<\/p>","protected":false},"excerpt":{"rendered":"<p>T\u00e4ydellinen p\u00f6yt\u00e4teline 10 vieritett\u00e4v\u00e4ll\u00e4 paneelilla, jotta usein k\u00e4ytetyt tiedot ovat nopeasti ja selke\u00e4sti k\u00e4sill\u00e4. <\/p>","protected":false},"featured_media":135352,"template":"","meta":{"_acf_changed":false},"product_brand":[],"product_cat":[4298],"product_tag":[4410],"class_list":{"0":"post-118113","1":"product","2":"type-product","3":"status-publish","4":"has-post-thumbnail","6":"product_cat-bladderstall-bord","7":"product_tag-rod-svart","8":"product_shipping_class-tunga-paket","9":"pa_brands-durable","10":"pa_farg-rod-svart","11":"tm-no-options","13":"first","14":"instock","15":"sale","16":"taxable","17":"shipping-taxable","18":"purchasable","19":"product-type-simple"},"acf":[],"_links":{"self":[{"href":"https:\/\/secureus.se\/fi\/wp-json\/wp\/v2\/product\/118113","targetHints":{"allow":["GET"]}}],"collection":[{"href":"https:\/\/secureus.se\/fi\/wp-json\/wp\/v2\/product"}],"about":[{"href":"https:\/\/secureus.se\/fi\/wp-json\/wp\/v2\/types\/product"}],"wp:featuredmedia":[{"embeddable":true,"href":"https:\/\/secureus.se\/fi\/wp-json\/wp\/v2\/media\/135352"}],"wp:attachment":[{"href":"https:\/\/secureus.se\/fi\/wp-json\/wp\/v2\/media?parent=118113"}],"wp:term":[{"taxonomy":"product_brand","embeddable":true,"href":"https:\/\/secureus.se\/fi\/wp-json\/wp\/v2\/product_brand?post=118113"},{"taxonomy":"product_cat","embeddable":true,"href":"https:\/\/secureus.se\/fi\/wp-json\/wp\/v2\/product_cat?post=118113"},{"taxonomy":"product_tag","embeddable":true,"href":"https:\/\/secureus.se\/fi\/wp-json\/wp\/v2\/product_tag?post=118113"}],"curies":[{"name":"wp","href":"https:\/\/api.w.org\/{rel}","templated":true}]}}